{"id":21341,"date":"2019-06-12T13:42:32","date_gmt":"2019-06-12T13:42:32","guid":{"rendered":"https:\/\/vipnekretnine.hr\/uber-uns\/"},"modified":"2019-10-19T14:36:15","modified_gmt":"2019-10-19T14:36:15","slug":"uber-uns","status":"publish","type":"page","link":"https:\/\/vipnekretnine.hr\/de\/uber-uns\/","title":{"rendered":"\u00dcber uns"},"content":{"rendered":"<p>[vc_row][vc_column][vc_empty_space]<div id=\"ultimate-heading-510469d0996c22df3\" class=\"uvc-heading ult-adjust-bottom-margin ultimate-heading-510469d0996c22df3 uvc-7965 \" data-hspacer=\"no_spacer\"  data-halign=\"center\" style=\"text-align:center\"><div class=\"uvc-heading-spacer no_spacer\" style=\"top\"><\/div><div class=\"uvc-main-heading ult-responsive\"  data-ultimate-target='.uvc-heading.ultimate-heading-510469d0996c22df3 h2'  data-responsive-json-new='{\"font-size\":\"\",\"line-height\":\"\"}' ><h2 style=\"font-family:&#039;Open Sans&#039;;font-weight:bold;color:#7f7f7f;\">Wer wir sind <\/h2><\/div><\/div>[vc_separator color=&#8220;sky&#8220; style=&#8220;shadow&#8220; border_width=&#8220;7&#8243; el_width=&#8220;50&#8243; css=&#8220;.vc_custom_1552233933251{padding-top: 25px !important;}&#8220;][\/vc_column][\/vc_row][vc_row][vc_column][vc_column_text css=&#8220;.vc_custom_1552573872252{padding-top: 10px !important;}&#8220;]<br \/>\nVip Nekretnine ist eine professionelle Immobilienagentur, spezialisiert f\u00fcr Immobiliengesch\u00e4fte in der kroatischen Region Kvarner. Wir sind hier, um Ihnen mit unserem Wissen, unserer Professionalit\u00e4t und unserer langj\u00e4hrigen Erfahrung auf dem Immobilienmarkt zu helfen. Egal ob Sie ein altes kroatisches Steinhaus, eine Wohnung, ein gro\u00dfes Miethaus oder ein Grundst\u00fcck suchen, unser Ziel ist es, Ihnen dabei zu helfen, die beste Entscheidung zu treffen und genau die Immobilie zu kaufen, die Sie sich w\u00fcnschen.<br \/>\nIch hei\u00dfe Igor Bokuli\u0107 und bin professioneller Immobilienmakler und Vorsitzender der Agentur VIP Nekretnine.<br \/>\nMein Anfang<br \/>\nVor 15 Jahren habe ich mich wegen der Natursch\u00f6nheiten der Kvarnerbucht, des angenehmen Klimas und des guten Wetters \u00fcber das ganze Jahr entschieden, mich in der N\u00e4he der Adria niederzulassen. In dieser wundersch\u00f6nen Landschaft, mit atemberaubenden Ausblicken auf das Meer und dem mediterranen Lebensstil habe ich zusammen mit meiner Familie mein Zuhause gefunden.<br \/>\nSeitdem genie\u00dfe ich Tag f\u00fcr Tag meine Arbeit und mein Leben und versuche dabei den Kunden zu helfen, die beste Immobilie an der sch\u00f6nsten K\u00fcste der Welt zu finden.<br \/>\nDie Kombination von Natur und mediterranem Lebensstil ist ein einzigartiges Erlebnis.<br \/>\n[\/vc_column_text][vc_empty_space][\/vc_column][\/vc_row][vc_row][vc_column]<div id=\"ultimate-heading-875569d0996c22e68\" class=\"uvc-heading ult-adjust-bottom-margin ultimate-heading-875569d0996c22e68 uvc-2601 \" data-hspacer=\"no_spacer\"  data-halign=\"center\" style=\"text-align:center\"><div class=\"uvc-heading-spacer no_spacer\" style=\"top\"><\/div><div class=\"uvc-main-heading ult-responsive\"  data-ultimate-target='.uvc-heading.ultimate-heading-875569d0996c22e68 h1'  data-responsive-json-new='{\"font-size\":\"\",\"line-height\":\"\"}' ><h1 style=\"font-weight:bold;color:#7f7f7f;\">Unsere Dienstleistungen<\/h1><\/div><\/div>[\/vc_column][\/vc_row][vc_row][vc_column][vc_separator color=&#8220;sky&#8220; style=&#8220;shadow&#8220; border_width=&#8220;7&#8243; el_width=&#8220;50&#8243; css=&#8220;.vc_custom_1552233980362{margin-top: 0px !important;padding-top: 20px !important;}&#8220;][vc_column_text]Wir unterst\u00fctzen unsere Kunden w\u00e4hrend des gesamten Immobilienkaufprozesses in Kroatien. Die Unterst\u00fctzung beim Immobilienerwerb ist in den Agenturgeb\u00fchren enthalten, wenn Sie eine Immobilie \u00fcber unsere Agentur kaufen.<\/p>\n<p>\u00dcberpr\u00fcfung aller Eigentumsunterlagen<br \/>\nEigentums\u00fcberpr\u00fcfung und Kontrolle des rechtlichen Status<br \/>\nBehandlung aller fehlenden oder ungel\u00f6sten Dokumente<br \/>\nKaufpreisverhandlung<br \/>\nAnalyse der rechtlichen Aspekte der Kaufdokumentation<br \/>\nVorvertrags, Kaufvertragsgestaltung und eine Zahlungserkl\u00e4rung mit dem Rechtsanwalt<br \/>\n\u00dcbersetzung von Dokumenten, die sich auf den Kauf beziehen<br \/>\nEintragung des Eigentumsrechts in Ihrem Namen beim Grundbuchamt<\/p>\n<p>Seit Februar 2009 haben B\u00fcrger der Europ\u00e4ischen Union die gleichen Eigentumsrechte wie kroatische Staatsb\u00fcrger und k\u00f6nnen daher Immobilien in Kroatien als Privatpersonen kaufen, ohne dass daf\u00fcr die Genehmigung des Au\u00dfenministeriums erforderlich ist.[\/vc_column_text][\/vc_column][\/vc_row][vc_row bg_type=&#8220;image&#8220;][vc_column]<div id=\"ultimate-heading-906369d0996c22eaa\" class=\"uvc-heading ult-adjust-bottom-margin ultimate-heading-906369d0996c22eaa uvc-4714 \" data-hspacer=\"no_spacer\"  data-halign=\"center\" style=\"text-align:center\"><div class=\"uvc-heading-spacer no_spacer\" style=\"top\"><\/div><div class=\"uvc-main-heading ult-responsive\"  data-ultimate-target='.uvc-heading.ultimate-heading-906369d0996c22eaa h1'  data-responsive-json-new='{\"font-size\":\"\",\"line-height\":\"\"}' ><h1 style=\"font-weight:bold;color:#1e73be;margin-top:0px;\">Genie\u00dfen Sie die Sch\u00f6nheit von Kvarner<\/h1><\/div><div class=\"uvc-sub-heading ult-responsive\"  data-ultimate-target='.uvc-heading.ultimate-heading-906369d0996c22eaa .uvc-sub-heading '  data-responsive-json-new='{\"font-size\":\"desktop:17px;\",\"line-height\":\"desktop:25px;\"}'  style=\"font-weight:bold;margin-top:15px;margin-bottom:10px;\">Bitte kontaktieren Sie uns f\u00fcr alle m\u00f6glichen Fragen.<\/div><\/div>[vc_btn title=&#8220;Kontaktiere uns&#8220; color=&#8220;sky&#8220; align=&#8220;center&#8220; link=&#8220;url:https%3A%2F%2Fvipnekretnine.hr%2Fcontact%2F|title:Kontakt|&#8220;][\/vc_column][\/vc_row]<\/p>\n","protected":false},"excerpt":{"rendered":"<p>[vc_row][vc_column][vc_empty_space][vc_separator color=&#8220;sky&#8220; style=&#8220;shadow&#8220; border_width=&#8220;7&#8243; el_width=&#8220;50&#8243; css=&#8220;.vc_custom_1552233933251{padding-top: 25px !important;}&#8220;][\/vc_column][\/vc_row][vc_row][vc_column][vc_column_text css=&#8220;.vc_custom_1552573872252{padding-top: 10px !important;}&#8220;] Vip Nekretnine ist eine professionelle Immobilienagentur, spezialisiert f\u00fcr Immobiliengesch\u00e4fte in der kroatischen Region Kvarner. Wir sind hier, um Ihnen mit unserem Wissen, unserer Professionalit\u00e4t und unserer langj\u00e4hrigen Erfahrung auf dem Immobilienmarkt zu helfen. Egal ob Sie ein altes kroatisches Steinhaus, eine Wohnung, ein gro\u00dfes Miethaus oder ein Grundst\u00fcck suchen, unser Ziel ist es, &#8230;<\/p>\n","protected":false},"author":2,"featured_media":0,"parent":0,"menu_order":0,"comment_status":"closed","ping_status":"closed","template":"","meta":{"footnotes":""},"class_list":["post-21341","page","type-page","status-publish","hentry"],"yoast_head":"<!-- This site is optimized with the Yoast SEO plugin v20.11 - https:\/\/yoast.com\/wordpress\/plugins\/seo\/ -->\n<title>\u00dcber Uns | Vip Nekretnine | Immobilien in Kroatien | Immobilienagentur<\/title>\n<meta name=\"description\" content=\"Wir sind professionelle Immobilienagentur. Spezialisiert f\u00fcr Immobilien in Kroatien, besonders f\u00fcr Istrien und Kvarner und f\u00fcr jedes Budget.\" \/>\n<meta name=\"robots\" content=\"index, follow, max-snippet:-1, max-image-preview:large, max-video-preview:-1\" \/>\n<link rel=\"canonical\" href=\"https:\/\/vipnekretnine.hr\/de\/uber-uns\/\" \/>\n<meta property=\"og:locale\" content=\"de_DE\" \/>\n<meta property=\"og:type\" content=\"article\" \/>\n<meta property=\"og:title\" content=\"\u00dcber Uns | Vip Nekretnine | Immobilien in Kroatien | Immobilienagentur\" \/>\n<meta property=\"og:description\" content=\"Wir sind professionelle Immobilienagentur. Spezialisiert f\u00fcr Immobilien in Kroatien, besonders f\u00fcr Istrien und Kvarner und f\u00fcr jedes Budget.\" \/>\n<meta property=\"og:url\" content=\"https:\/\/vipnekretnine.hr\/de\/uber-uns\/\" \/>\n<meta property=\"og:site_name\" content=\"Vip Nekretnine\" \/>\n<meta property=\"article:modified_time\" content=\"2019-10-19T14:36:15+00:00\" \/>\n<meta name=\"twitter:card\" content=\"summary_large_image\" \/>\n<meta name=\"twitter:label1\" content=\"Gesch\u00e4tzte Lesezeit\" \/>\n\t<meta name=\"twitter:data1\" content=\"3\u00a0Minuten\" \/>\n<script type=\"application\/ld+json\" class=\"yoast-schema-graph\">{\"@context\":\"https:\/\/schema.org\",\"@graph\":[{\"@type\":\"WebPage\",\"@id\":\"https:\/\/vipnekretnine.hr\/de\/uber-uns\/\",\"url\":\"https:\/\/vipnekretnine.hr\/de\/uber-uns\/\",\"name\":\"\u00dcber Uns | Vip Nekretnine | Immobilien in Kroatien | Immobilienagentur\",\"isPartOf\":{\"@id\":\"https:\/\/vipnekretnine.hr\/de\/#website\"},\"datePublished\":\"2019-06-12T13:42:32+00:00\",\"dateModified\":\"2019-10-19T14:36:15+00:00\",\"description\":\"Wir sind professionelle Immobilienagentur. Spezialisiert f\u00fcr Immobilien in Kroatien, besonders f\u00fcr Istrien und Kvarner und f\u00fcr jedes Budget.\",\"breadcrumb\":{\"@id\":\"https:\/\/vipnekretnine.hr\/de\/uber-uns\/#breadcrumb\"},\"inLanguage\":\"de\",\"potentialAction\":[{\"@type\":\"ReadAction\",\"target\":[\"https:\/\/vipnekretnine.hr\/de\/uber-uns\/\"]}]},{\"@type\":\"BreadcrumbList\",\"@id\":\"https:\/\/vipnekretnine.hr\/de\/uber-uns\/#breadcrumb\",\"itemListElement\":[{\"@type\":\"ListItem\",\"position\":1,\"name\":\"Home\",\"item\":\"https:\/\/vipnekretnine.hr\/de\/\"},{\"@type\":\"ListItem\",\"position\":2,\"name\":\"\u00dcber uns\"}]},{\"@type\":\"WebSite\",\"@id\":\"https:\/\/vipnekretnine.hr\/de\/#website\",\"url\":\"https:\/\/vipnekretnine.hr\/de\/\",\"name\":\"Vip Nekretnine\",\"description\":\"Finden Sie Ihr perfektes Zuhause\",\"potentialAction\":[{\"@type\":\"SearchAction\",\"target\":{\"@type\":\"EntryPoint\",\"urlTemplate\":\"https:\/\/vipnekretnine.hr\/de\/?s={search_term_string}\"},\"query-input\":\"required name=search_term_string\"}],\"inLanguage\":\"de\"}]}<\/script>\n<!-- \/ Yoast SEO plugin. -->","yoast_head_json":{"title":"\u00dcber Uns | Vip Nekretnine | Immobilien in Kroatien | Immobilienagentur","description":"Wir sind professionelle Immobilienagentur. Spezialisiert f\u00fcr Immobilien in Kroatien, besonders f\u00fcr Istrien und Kvarner und f\u00fcr jedes Budget.","robots":{"index":"index","follow":"follow","max-snippet":"max-snippet:-1","max-image-preview":"max-image-preview:large","max-video-preview":"max-video-preview:-1"},"canonical":"https:\/\/vipnekretnine.hr\/de\/uber-uns\/","og_locale":"de_DE","og_type":"article","og_title":"\u00dcber Uns | Vip Nekretnine | Immobilien in Kroatien | Immobilienagentur","og_description":"Wir sind professionelle Immobilienagentur. Spezialisiert f\u00fcr Immobilien in Kroatien, besonders f\u00fcr Istrien und Kvarner und f\u00fcr jedes Budget.","og_url":"https:\/\/vipnekretnine.hr\/de\/uber-uns\/","og_site_name":"Vip Nekretnine","article_modified_time":"2019-10-19T14:36:15+00:00","twitter_card":"summary_large_image","twitter_misc":{"Gesch\u00e4tzte Lesezeit":"3\u00a0Minuten"},"schema":{"@context":"https:\/\/schema.org","@graph":[{"@type":"WebPage","@id":"https:\/\/vipnekretnine.hr\/de\/uber-uns\/","url":"https:\/\/vipnekretnine.hr\/de\/uber-uns\/","name":"\u00dcber Uns | Vip Nekretnine | Immobilien in Kroatien | Immobilienagentur","isPartOf":{"@id":"https:\/\/vipnekretnine.hr\/de\/#website"},"datePublished":"2019-06-12T13:42:32+00:00","dateModified":"2019-10-19T14:36:15+00:00","description":"Wir sind professionelle Immobilienagentur. Spezialisiert f\u00fcr Immobilien in Kroatien, besonders f\u00fcr Istrien und Kvarner und f\u00fcr jedes Budget.","breadcrumb":{"@id":"https:\/\/vipnekretnine.hr\/de\/uber-uns\/#breadcrumb"},"inLanguage":"de","potentialAction":[{"@type":"ReadAction","target":["https:\/\/vipnekretnine.hr\/de\/uber-uns\/"]}]},{"@type":"BreadcrumbList","@id":"https:\/\/vipnekretnine.hr\/de\/uber-uns\/#breadcrumb","itemListElement":[{"@type":"ListItem","position":1,"name":"Home","item":"https:\/\/vipnekretnine.hr\/de\/"},{"@type":"ListItem","position":2,"name":"\u00dcber uns"}]},{"@type":"WebSite","@id":"https:\/\/vipnekretnine.hr\/de\/#website","url":"https:\/\/vipnekretnine.hr\/de\/","name":"Vip Nekretnine","description":"Finden Sie Ihr perfektes Zuhause","potentialAction":[{"@type":"SearchAction","target":{"@type":"EntryPoint","urlTemplate":"https:\/\/vipnekretnine.hr\/de\/?s={search_term_string}"},"query-input":"required name=search_term_string"}],"inLanguage":"de"}]}},"_links":{"self":[{"href":"https:\/\/vipnekretnine.hr\/de\/wp-json\/wp\/v2\/pages\/21341","targetHints":{"allow":["GET"]}}],"collection":[{"href":"https:\/\/vipnekretnine.hr\/de\/wp-json\/wp\/v2\/pages"}],"about":[{"href":"https:\/\/vipnekretnine.hr\/de\/wp-json\/wp\/v2\/types\/page"}],"author":[{"embeddable":true,"href":"https:\/\/vipnekretnine.hr\/de\/wp-json\/wp\/v2\/users\/2"}],"replies":[{"embeddable":true,"href":"https:\/\/vipnekretnine.hr\/de\/wp-json\/wp\/v2\/comments?post=21341"}],"version-history":[{"count":5,"href":"https:\/\/vipnekretnine.hr\/de\/wp-json\/wp\/v2\/pages\/21341\/revisions"}],"predecessor-version":[{"id":22867,"href":"https:\/\/vipnekretnine.hr\/de\/wp-json\/wp\/v2\/pages\/21341\/revisions\/22867"}],"wp:attachment":[{"href":"https:\/\/vipnekretnine.hr\/de\/wp-json\/wp\/v2\/media?parent=21341"}],"curies":[{"name":"wp","href":"https:\/\/api.w.org\/{rel}","templated":true}]}}