{"id":21343,"date":"2019-06-12T14:03:44","date_gmt":"2019-06-12T14:03:44","guid":{"rendered":"https:\/\/vipnekretnine.hr\/kontakt\/"},"modified":"2019-09-14T14:12:34","modified_gmt":"2019-09-14T14:12:34","slug":"kontakt","status":"publish","type":"page","link":"https:\/\/vipnekretnine.hr\/de\/kontakt\/","title":{"rendered":"Kontakt"},"content":{"rendered":"<p>[vc_row][vc_column][vc_column_text]<span style=\"font-size: 10pt;\">OIB 73881937536 | MB 97301051 | <\/span><span style=\"font-size: 10pt;\">Erste&amp;Steierm\u00e4rkische Bank d.d. &#8211; IBAN HR2124020061140266854 | <\/span><span style=\"font-size: 10pt;\">Direktor: Igor Bokuli\u0107 |<\/span> <span style=\"font-size: 10pt;\">Arbeitszeit: 9:00 Uhr bis 17:00 Uhr<\/span>[\/vc_column_text][\/vc_column][\/vc_row][vc_row css=&#8220;.vc_custom_1551304918987{padding-left: 0px !important;background-color: #ffffff !important;}&#8220;][vc_column][vc_separator color=&#8220;sky&#8220; style=&#8220;shadow&#8220; border_width=&#8220;7&#8243; el_width=&#8220;50&#8243; css=&#8220;.vc_custom_1552259057405{margin-top: 20px !important;}&#8220;]<div id=\"ultimate-heading-561069de3df8f2272\" class=\"uvc-heading ult-adjust-bottom-margin ultimate-heading-561069de3df8f2272 uvc-7688 \" data-hspacer=\"no_spacer\"  data-halign=\"center\" style=\"text-align:center\"><div class=\"uvc-heading-spacer no_spacer\" style=\"top\"><\/div><div class=\"uvc-main-heading ult-responsive\"  data-ultimate-target='.uvc-heading.ultimate-heading-561069de3df8f2272 h3'  data-responsive-json-new='{\"font-size\":\"\",\"line-height\":\"\"}' ><h3 style=\"font-weight:normal;color:#5b5b5b;\">Egal ob Sie Hilfe bei der Suche nach Ihrem idealen Zuhause, Unterst\u00fctzung beim Verkauf Ihrer Immobilie brauchen oder \u00fcber die Entwicklung neuer Immobilien in Kroatien diskutieren m\u00f6chten, sind wir f\u00fcr Sie da.<\/h3><\/div><\/div><div id=\"ultimate-heading-183169de3df8f22dc\" class=\"uvc-heading ult-adjust-bottom-margin ultimate-heading-183169de3df8f22dc uvc-486 \" data-hspacer=\"no_spacer\"  data-halign=\"center\" style=\"text-align:center\"><div class=\"uvc-heading-spacer no_spacer\" style=\"top\"><\/div><div class=\"uvc-main-heading ult-responsive\"  data-ultimate-target='.uvc-heading.ultimate-heading-183169de3df8f22dc h3'  data-responsive-json-new='{\"font-size\":\"\",\"line-height\":\"\"}' ><h3 style=\"font-weight:bold;color:#5b5b5b;\">Kontaktieren Sie uns f\u00fcr alle Anfragen!<\/h3><\/div><\/div>[vc_separator color=&#8220;sky&#8220; style=&#8220;shadow&#8220; border_width=&#8220;7&#8243; el_width=&#8220;50&#8243; css=&#8220;.vc_custom_1552259066914{margin-top: 35px !important;}&#8220;][\/vc_column][\/vc_row]<\/p>\n","protected":false},"excerpt":{"rendered":"<p>[vc_row][vc_column][vc_column_text]OIB 73881937536 | MB 97301051 | Erste&amp;Steierm\u00e4rkische Bank d.d. &#8211; IBAN HR2124020061140266854 | Direktor: Igor Bokuli\u0107 | Arbeitszeit: 9:00 Uhr bis 17:00 Uhr[\/vc_column_text][\/vc_column][\/vc_row][vc_row css=&#8220;.vc_custom_1551304918987{padding-left: 0px !important;background-color: #ffffff !important;}&#8220;][vc_column][vc_separator color=&#8220;sky&#8220; style=&#8220;shadow&#8220; border_width=&#8220;7&#8243; el_width=&#8220;50&#8243; css=&#8220;.vc_custom_1552259057405{margin-top: 20px !important;}&#8220;][vc_separator color=&#8220;sky&#8220; style=&#8220;shadow&#8220; border_width=&#8220;7&#8243; el_width=&#8220;50&#8243; css=&#8220;.vc_custom_1552259066914{margin-top: 35px !important;}&#8220;][\/vc_column][\/vc_row]<\/p>\n","protected":false},"author":2,"featured_media":0,"parent":0,"menu_order":0,"comment_status":"closed","ping_status":"closed","template":"contact_page.php","meta":{"footnotes":""},"class_list":["post-21343","page","type-page","status-publish","hentry"],"yoast_head":"<!-- This site is optimized with the Yoast SEO plugin v20.11 - https:\/\/yoast.com\/wordpress\/plugins\/seo\/ -->\n<title>Immobilien in Kroatien am Meer | Kontakt | Vip Nekretnine<\/title>\n<meta name=\"description\" content=\"Kontaktieren Sie uns f\u00fcr alle Fragen. Ob Sie Hilfe bei der Suche nach Ihrer Immobilie in Kroatien oder Unterst\u00fctzung beim Verkauf Ihrer Immobilie brauchen.\" \/>\n<meta name=\"robots\" content=\"index, follow, max-snippet:-1, max-image-preview:large, max-video-preview:-1\" \/>\n<link rel=\"canonical\" href=\"https:\/\/vipnekretnine.hr\/de\/kontakt\/\" \/>\n<meta property=\"og:locale\" content=\"de_DE\" \/>\n<meta property=\"og:type\" content=\"article\" \/>\n<meta property=\"og:title\" content=\"Immobilien in Kroatien am Meer | Kontakt | Vip Nekretnine\" \/>\n<meta property=\"og:description\" content=\"Kontaktieren Sie uns f\u00fcr alle Fragen. Ob Sie Hilfe bei der Suche nach Ihrer Immobilie in Kroatien oder Unterst\u00fctzung beim Verkauf Ihrer Immobilie brauchen.\" \/>\n<meta property=\"og:url\" content=\"https:\/\/vipnekretnine.hr\/de\/kontakt\/\" \/>\n<meta property=\"og:site_name\" content=\"Vip Nekretnine\" \/>\n<meta property=\"article:modified_time\" content=\"2019-09-14T14:12:34+00:00\" \/>\n<meta name=\"twitter:card\" content=\"summary_large_image\" \/>\n<meta name=\"twitter:label1\" content=\"Gesch\u00e4tzte Lesezeit\" \/>\n\t<meta name=\"twitter:data1\" content=\"1\u00a0Minute\" \/>\n<script type=\"application\/ld+json\" class=\"yoast-schema-graph\">{\"@context\":\"https:\/\/schema.org\",\"@graph\":[{\"@type\":\"WebPage\",\"@id\":\"https:\/\/vipnekretnine.hr\/de\/kontakt\/\",\"url\":\"https:\/\/vipnekretnine.hr\/de\/kontakt\/\",\"name\":\"Immobilien in Kroatien am Meer | Kontakt | Vip Nekretnine\",\"isPartOf\":{\"@id\":\"https:\/\/vipnekretnine.hr\/de\/#website\"},\"datePublished\":\"2019-06-12T14:03:44+00:00\",\"dateModified\":\"2019-09-14T14:12:34+00:00\",\"description\":\"Kontaktieren Sie uns f\u00fcr alle Fragen. Ob Sie Hilfe bei der Suche nach Ihrer Immobilie in Kroatien oder Unterst\u00fctzung beim Verkauf Ihrer Immobilie brauchen.\",\"breadcrumb\":{\"@id\":\"https:\/\/vipnekretnine.hr\/de\/kontakt\/#breadcrumb\"},\"inLanguage\":\"de\",\"potentialAction\":[{\"@type\":\"ReadAction\",\"target\":[\"https:\/\/vipnekretnine.hr\/de\/kontakt\/\"]}]},{\"@type\":\"BreadcrumbList\",\"@id\":\"https:\/\/vipnekretnine.hr\/de\/kontakt\/#breadcrumb\",\"itemListElement\":[{\"@type\":\"ListItem\",\"position\":1,\"name\":\"Home\",\"item\":\"https:\/\/vipnekretnine.hr\/de\/\"},{\"@type\":\"ListItem\",\"position\":2,\"name\":\"Kontakt\"}]},{\"@type\":\"WebSite\",\"@id\":\"https:\/\/vipnekretnine.hr\/de\/#website\",\"url\":\"https:\/\/vipnekretnine.hr\/de\/\",\"name\":\"Vip Nekretnine\",\"description\":\"Finden Sie Ihr perfektes Zuhause\",\"potentialAction\":[{\"@type\":\"SearchAction\",\"target\":{\"@type\":\"EntryPoint\",\"urlTemplate\":\"https:\/\/vipnekretnine.hr\/de\/?s={search_term_string}\"},\"query-input\":\"required name=search_term_string\"}],\"inLanguage\":\"de\"}]}<\/script>\n<!-- \/ Yoast SEO plugin. -->","yoast_head_json":{"title":"Immobilien in Kroatien am Meer | Kontakt | Vip Nekretnine","description":"Kontaktieren Sie uns f\u00fcr alle Fragen. Ob Sie Hilfe bei der Suche nach Ihrer Immobilie in Kroatien oder Unterst\u00fctzung beim Verkauf Ihrer Immobilie brauchen.","robots":{"index":"index","follow":"follow","max-snippet":"max-snippet:-1","max-image-preview":"max-image-preview:large","max-video-preview":"max-video-preview:-1"},"canonical":"https:\/\/vipnekretnine.hr\/de\/kontakt\/","og_locale":"de_DE","og_type":"article","og_title":"Immobilien in Kroatien am Meer | Kontakt | Vip Nekretnine","og_description":"Kontaktieren Sie uns f\u00fcr alle Fragen. Ob Sie Hilfe bei der Suche nach Ihrer Immobilie in Kroatien oder Unterst\u00fctzung beim Verkauf Ihrer Immobilie brauchen.","og_url":"https:\/\/vipnekretnine.hr\/de\/kontakt\/","og_site_name":"Vip Nekretnine","article_modified_time":"2019-09-14T14:12:34+00:00","twitter_card":"summary_large_image","twitter_misc":{"Gesch\u00e4tzte Lesezeit":"1\u00a0Minute"},"schema":{"@context":"https:\/\/schema.org","@graph":[{"@type":"WebPage","@id":"https:\/\/vipnekretnine.hr\/de\/kontakt\/","url":"https:\/\/vipnekretnine.hr\/de\/kontakt\/","name":"Immobilien in Kroatien am Meer | Kontakt | Vip Nekretnine","isPartOf":{"@id":"https:\/\/vipnekretnine.hr\/de\/#website"},"datePublished":"2019-06-12T14:03:44+00:00","dateModified":"2019-09-14T14:12:34+00:00","description":"Kontaktieren Sie uns f\u00fcr alle Fragen. Ob Sie Hilfe bei der Suche nach Ihrer Immobilie in Kroatien oder Unterst\u00fctzung beim Verkauf Ihrer Immobilie brauchen.","breadcrumb":{"@id":"https:\/\/vipnekretnine.hr\/de\/kontakt\/#breadcrumb"},"inLanguage":"de","potentialAction":[{"@type":"ReadAction","target":["https:\/\/vipnekretnine.hr\/de\/kontakt\/"]}]},{"@type":"BreadcrumbList","@id":"https:\/\/vipnekretnine.hr\/de\/kontakt\/#breadcrumb","itemListElement":[{"@type":"ListItem","position":1,"name":"Home","item":"https:\/\/vipnekretnine.hr\/de\/"},{"@type":"ListItem","position":2,"name":"Kontakt"}]},{"@type":"WebSite","@id":"https:\/\/vipnekretnine.hr\/de\/#website","url":"https:\/\/vipnekretnine.hr\/de\/","name":"Vip Nekretnine","description":"Finden Sie Ihr perfektes Zuhause","potentialAction":[{"@type":"SearchAction","target":{"@type":"EntryPoint","urlTemplate":"https:\/\/vipnekretnine.hr\/de\/?s={search_term_string}"},"query-input":"required name=search_term_string"}],"inLanguage":"de"}]}},"_links":{"self":[{"href":"https:\/\/vipnekretnine.hr\/de\/wp-json\/wp\/v2\/pages\/21343","targetHints":{"allow":["GET"]}}],"collection":[{"href":"https:\/\/vipnekretnine.hr\/de\/wp-json\/wp\/v2\/pages"}],"about":[{"href":"https:\/\/vipnekretnine.hr\/de\/wp-json\/wp\/v2\/types\/page"}],"author":[{"embeddable":true,"href":"https:\/\/vipnekretnine.hr\/de\/wp-json\/wp\/v2\/users\/2"}],"replies":[{"embeddable":true,"href":"https:\/\/vipnekretnine.hr\/de\/wp-json\/wp\/v2\/comments?post=21343"}],"version-history":[{"count":2,"href":"https:\/\/vipnekretnine.hr\/de\/wp-json\/wp\/v2\/pages\/21343\/revisions"}],"predecessor-version":[{"id":21358,"href":"https:\/\/vipnekretnine.hr\/de\/wp-json\/wp\/v2\/pages\/21343\/revisions\/21358"}],"wp:attachment":[{"href":"https:\/\/vipnekretnine.hr\/de\/wp-json\/wp\/v2\/media?parent=21343"}],"curies":[{"name":"wp","href":"https:\/\/api.w.org\/{rel}","templated":true}]}}