{"id":21346,"date":"2019-06-12T14:34:21","date_gmt":"2019-06-12T14:34:21","guid":{"rendered":"https:\/\/vipnekretnine.hr\/home-2\/"},"modified":"2019-11-18T11:32:59","modified_gmt":"2019-11-18T11:32:59","slug":"home-2","status":"publish","type":"page","link":"https:\/\/vipnekretnine.hr\/de\/","title":{"rendered":"Startseite"},"content":{"rendered":"<p>[vc_row][vc_column css=&#8220;.vc_custom_1552138388087{margin-bottom: 30px !important;padding-top: 30px !important;}&#8220;]<div id=\"ultimate-heading-699369d07d2548ff8\" class=\"uvc-heading ult-adjust-bottom-margin ultimate-heading-699369d07d2548ff8 uvc-658 \" data-hspacer=\"no_spacer\"  data-halign=\"center\" style=\"text-align:center\"><div class=\"uvc-heading-spacer no_spacer\" style=\"top\"><\/div><div class=\"uvc-main-heading ult-responsive\"  data-ultimate-target='.uvc-heading.ultimate-heading-699369d07d2548ff8 h2'  data-responsive-json-new='{\"font-size\":\"\",\"line-height\":\"\"}' ><h2 style=\"font-weight:normal;margin-top:20px;\">FINDEN SIE IHRE BESTE IMMOBILIE AN DER KVARNER UND ISTRIEN<\/h2><\/div><\/div>[vc_separator color=&#8220;sky&#8220; style=&#8220;shadow&#8220; border_width=&#8220;7&#8243; el_width=&#8220;60&#8243; css=&#8220;.vc_custom_1552138401213{margin-top: 20px !important;padding-top: 20px !important;}&#8220;][vc_column_text css=&#8220;.vc_custom_1574076494473{margin-top: 0px !important;}&#8220;]<\/p>\n<h3 style=\"text-align: center;\">Genie\u00dfen Sie die Natursch\u00f6nheiten Kroatiens und die herrliche Aussicht auf die Adria und den mediterranen Lebensstil das ganze Jahr.<\/h3>\n<p>[\/vc_column_text][\/vc_column][\/vc_row][vc_row][vc_column width=&#8220;2\/3&#8243;]<div class=\"article_container places_list_2 one_row \">\n<div class=\"places_wrapper_type_2\" style=\"background-image: url(https:\/\/vipnekretnine.hr\/wp-content\/uploads\/2014\/05\/houses_vipnekretnine-scaled-980x777.jpg);\">\n\n    <div class=\"places_cover\" data-link=\"https:\/\/vipnekretnine.hr\/property_category\/houses\/\" ><\/div>\n    <div class=\"places_type_2_content\"  >\n        <h4><a href=\"https:\/\/vipnekretnine.hr\/property_category\/houses\/\">\n            Houses            <\/a>\n        <\/h4>\n\n        <div class=\"places_type_2_tagline\">\n                    <\/div>\n\n        <div class=\"places_type_2_listings_no\">\n            42 Listings        <\/div>\n\n    <\/div>\n<\/div>\n<\/div>[\/vc_column][vc_column width=&#8220;1\/3&#8243;]<div class=\"article_container places_list_2 one_row \">\n<div class=\"places_wrapper_type_2\" style=\"background-image: url(https:\/\/vipnekretnine.hr\/wp-content\/uploads\/2014\/05\/view-3412503_1920-1-980x777.jpg);\">\n\n    <div class=\"places_cover\" data-link=\"https:\/\/vipnekretnine.hr\/property_category\/investment-projects\/\" ><\/div>\n    <div class=\"places_type_2_content\"  >\n        <h4><a href=\"https:\/\/vipnekretnine.hr\/property_category\/investment-projects\/\">\n            Investment Projects            <\/a>\n        <\/h4>\n\n        <div class=\"places_type_2_tagline\">\n                    <\/div>\n\n        <div class=\"places_type_2_listings_no\">\n            8 Listings        <\/div>\n\n    <\/div>\n<\/div>\n<\/div>[\/vc_column][\/vc_row][vc_row][vc_column width=&#8220;2\/3&#8243;]<div class=\"article_container places_list_2 one_row \">\n<div class=\"places_wrapper_type_2\" style=\"background-image: url(https:\/\/vipnekretnine.hr\/wp-content\/uploads\/2014\/05\/apartment-architectural-design-architecture-323772-1-980x777.jpg);\">\n\n    <div class=\"places_cover\" data-link=\"https:\/\/vipnekretnine.hr\/property_category\/apartments\/\" ><\/div>\n    <div class=\"places_type_2_content\"  >\n        <h4><a href=\"https:\/\/vipnekretnine.hr\/property_category\/apartments\/\">\n            Apartments            <\/a>\n        <\/h4>\n\n        <div class=\"places_type_2_tagline\">\n                    <\/div>\n\n        <div class=\"places_type_2_listings_no\">\n            33 Listings        <\/div>\n\n    <\/div>\n<\/div>\n<\/div>[\/vc_column][vc_column width=&#8220;1\/3&#8243;]<div class=\"article_container places_list_2 one_row \">\n<div class=\"places_wrapper_type_2\" style=\"background-image: url(https:\/\/vipnekretnine.hr\/wp-content\/uploads\/2014\/05\/Lands-for-sale-in-Croatia-Kvarner-980x469.jpg);\">\n\n    <div class=\"places_cover\" data-link=\"https:\/\/vipnekretnine.hr\/property_category\/lands\/\" ><\/div>\n    <div class=\"places_type_2_content\"  >\n        <h4><a href=\"https:\/\/vipnekretnine.hr\/property_category\/lands\/\">\n            Lands            <\/a>\n        <\/h4>\n\n        <div class=\"places_type_2_tagline\">\n                    <\/div>\n\n        <div class=\"places_type_2_listings_no\">\n            18 Listings        <\/div>\n\n    <\/div>\n<\/div>\n<\/div>[\/vc_column][\/vc_row][vc_row][vc_column css=&#8220;.vc_custom_1552138616391{margin-top: 40px !important;}&#8220;]<div id=\"ultimate-heading-222969d07d254dc18\" class=\"uvc-heading ult-adjust-bottom-margin ultimate-heading-222969d07d254dc18 uvc-5455 \" data-hspacer=\"no_spacer\"  data-halign=\"center\" style=\"text-align:center\"><div class=\"uvc-heading-spacer no_spacer\" style=\"top\"><\/div><div class=\"uvc-main-heading ult-responsive\"  data-ultimate-target='.uvc-heading.ultimate-heading-222969d07d254dc18 h2'  data-responsive-json-new='{\"font-size\":\"\",\"line-height\":\"\"}' ><h2 style=\"font-weight:bold;margin-top:30px;\">BRAUCHEN SIE WEITERE INFORMATIONEN?<\/h2><\/div><\/div>[\/vc_column][\/vc_row][vc_row css=&#8220;.vc_custom_1550330929053{margin-right: 0px !important;margin-left: 0px !important;}&#8220;][vc_column][vc_separator color=&#8220;sky&#8220; style=&#8220;shadow&#8220; border_width=&#8220;7&#8243; el_width=&#8220;60&#8243; css=&#8220;.vc_custom_1568382882843{margin-top: 20px !important;padding-top: 20px !important;}&#8220;][vc_column_text css=&#8220;.vc_custom_1574076765812{margin-top: 0px !important;}&#8220;]<\/p>\n<h3 style=\"text-align: center;\">Mit unserem 15-j\u00e4hrigen Wissen und unserer Erfahrung auf dem Immobilienmarkt in Kroatien, insbesondere in Kvarner und Istrien, k\u00f6nnen wir alle Ihre Anforderungen erf\u00fcllen.\u00a0<\/h3>\n<h3 style=\"text-align: center;\">Auf der Suche nach besonderen Immobilien? Kontaktieren Sie uns und wir werden Ihnen helfen.<\/h3>\n<p>[\/vc_column_text][vc_btn title=&#8220;KONTAKTIERE UNS&#8220; color=&#8220;sky&#8220; align=&#8220;center&#8220; css=&#8220;.vc_custom_1574076614901{padding-bottom: 30px !important;}&#8220; link=&#8220;url:https%3A%2F%2Fvipnekretnine.hr%2Fcontact%2F|title:Kontakt|&#8220;][\/vc_column][\/vc_row]<\/p>\n","protected":false},"excerpt":{"rendered":"<p>[vc_row][vc_column css=&#8220;.vc_custom_1552138388087{margin-bottom: 30px !important;padding-top: 30px !important;}&#8220;][vc_separator color=&#8220;sky&#8220; style=&#8220;shadow&#8220; border_width=&#8220;7&#8243; el_width=&#8220;60&#8243; css=&#8220;.vc_custom_1552138401213{margin-top: 20px !important;padding-top: 20px !important;}&#8220;][vc_column_text css=&#8220;.vc_custom_1574076494473{margin-top: 0px !important;}&#8220;] Genie\u00dfen Sie die Natursch\u00f6nheiten Kroatiens und die herrliche Aussicht auf die Adria und den mediterranen Lebensstil das ganze Jahr. [\/vc_column_text][\/vc_column][\/vc_row][vc_row][vc_column width=&#8220;2\/3&#8243;][\/vc_column][vc_column width=&#8220;1\/3&#8243;][\/vc_column][\/vc_row][vc_row][vc_column width=&#8220;2\/3&#8243;][\/vc_column][vc_column width=&#8220;1\/3&#8243;][\/vc_column][\/vc_row][vc_row][vc_column css=&#8220;.vc_custom_1552138616391{margin-top: 40px !important;}&#8220;][\/vc_column][\/vc_row][vc_row css=&#8220;.vc_custom_1550330929053{margin-right: 0px !important;margin-left: 0px !important;}&#8220;][vc_column][vc_separator color=&#8220;sky&#8220; style=&#8220;shadow&#8220; border_width=&#8220;7&#8243; el_width=&#8220;60&#8243; css=&#8220;.vc_custom_1568382882843{margin-top: 20px !important;padding-top: 20px !important;}&#8220;][vc_column_text css=&#8220;.vc_custom_1574076765812{margin-top: 0px !important;}&#8220;] Mit unserem &#8230;<\/p>\n","protected":false},"author":2,"featured_media":0,"parent":0,"menu_order":0,"comment_status":"closed","ping_status":"closed","template":"","meta":{"footnotes":""},"class_list":["post-21346","page","type-page","status-publish","hentry"],"yoast_head":"<!-- This site is optimized with the Yoast SEO plugin v20.11 - https:\/\/yoast.com\/wordpress\/plugins\/seo\/ -->\n<title>Immobilien in Kroatien am Meer kaufen | Vip Nekretnine<\/title>\n<meta name=\"description\" content=\"Wir sind professionelle Immobilienagentur und k\u00f6nnen alle Ihre Bed\u00fcrfnisse erf\u00fcllen, egal ob Sie ein Haus am Meer oder eine Wohnung im Zentrum kaufen m\u00f6chten.\" \/>\n<meta name=\"robots\" content=\"index, follow, max-snippet:-1, max-image-preview:large, max-video-preview:-1\" \/>\n<link rel=\"canonical\" href=\"https:\/\/vipnekretnine.hr\/de\/\" \/>\n<meta property=\"og:locale\" content=\"de_DE\" \/>\n<meta property=\"og:type\" content=\"article\" \/>\n<meta property=\"og:title\" content=\"Immobilien in Kroatien am Meer kaufen | Vip Nekretnine\" \/>\n<meta property=\"og:description\" content=\"Wir sind professionelle Immobilienagentur und k\u00f6nnen alle Ihre Bed\u00fcrfnisse erf\u00fcllen, egal ob Sie ein Haus am Meer oder eine Wohnung im Zentrum kaufen m\u00f6chten.\" \/>\n<meta property=\"og:url\" content=\"https:\/\/vipnekretnine.hr\/de\/\" \/>\n<meta property=\"og:site_name\" content=\"Vip Nekretnine\" \/>\n<meta property=\"article:modified_time\" content=\"2019-11-18T11:32:59+00:00\" \/>\n<meta name=\"twitter:card\" content=\"summary_large_image\" \/>\n<meta name=\"twitter:label1\" content=\"Gesch\u00e4tzte Lesezeit\" \/>\n\t<meta name=\"twitter:data1\" content=\"2\u00a0Minuten\" \/>\n<script type=\"application\/ld+json\" class=\"yoast-schema-graph\">{\"@context\":\"https:\/\/schema.org\",\"@graph\":[{\"@type\":\"WebPage\",\"@id\":\"https:\/\/vipnekretnine.hr\/de\/\",\"url\":\"https:\/\/vipnekretnine.hr\/de\/\",\"name\":\"Immobilien in Kroatien am Meer kaufen | Vip Nekretnine\",\"isPartOf\":{\"@id\":\"https:\/\/vipnekretnine.hr\/de\/#website\"},\"datePublished\":\"2019-06-12T14:34:21+00:00\",\"dateModified\":\"2019-11-18T11:32:59+00:00\",\"description\":\"Wir sind professionelle Immobilienagentur und k\u00f6nnen alle Ihre Bed\u00fcrfnisse erf\u00fcllen, egal ob Sie ein Haus am Meer oder eine Wohnung im Zentrum kaufen m\u00f6chten.\",\"breadcrumb\":{\"@id\":\"https:\/\/vipnekretnine.hr\/de\/#breadcrumb\"},\"inLanguage\":\"de\",\"potentialAction\":[{\"@type\":\"ReadAction\",\"target\":[\"https:\/\/vipnekretnine.hr\/de\/\"]}]},{\"@type\":\"BreadcrumbList\",\"@id\":\"https:\/\/vipnekretnine.hr\/de\/#breadcrumb\",\"itemListElement\":[{\"@type\":\"ListItem\",\"position\":1,\"name\":\"Home\",\"item\":\"https:\/\/vipnekretnine.hr\/de\/\"},{\"@type\":\"ListItem\",\"position\":2,\"name\":\"Startseite\"}]},{\"@type\":\"WebSite\",\"@id\":\"https:\/\/vipnekretnine.hr\/de\/#website\",\"url\":\"https:\/\/vipnekretnine.hr\/de\/\",\"name\":\"Vip Nekretnine\",\"description\":\"Finden Sie Ihr perfektes Zuhause\",\"potentialAction\":[{\"@type\":\"SearchAction\",\"target\":{\"@type\":\"EntryPoint\",\"urlTemplate\":\"https:\/\/vipnekretnine.hr\/de\/?s={search_term_string}\"},\"query-input\":\"required name=search_term_string\"}],\"inLanguage\":\"de\"}]}<\/script>\n<!-- \/ Yoast SEO plugin. -->","yoast_head_json":{"title":"Immobilien in Kroatien am Meer kaufen | Vip Nekretnine","description":"Wir sind professionelle Immobilienagentur und k\u00f6nnen alle Ihre Bed\u00fcrfnisse erf\u00fcllen, egal ob Sie ein Haus am Meer oder eine Wohnung im Zentrum kaufen m\u00f6chten.","robots":{"index":"index","follow":"follow","max-snippet":"max-snippet:-1","max-image-preview":"max-image-preview:large","max-video-preview":"max-video-preview:-1"},"canonical":"https:\/\/vipnekretnine.hr\/de\/","og_locale":"de_DE","og_type":"article","og_title":"Immobilien in Kroatien am Meer kaufen | Vip Nekretnine","og_description":"Wir sind professionelle Immobilienagentur und k\u00f6nnen alle Ihre Bed\u00fcrfnisse erf\u00fcllen, egal ob Sie ein Haus am Meer oder eine Wohnung im Zentrum kaufen m\u00f6chten.","og_url":"https:\/\/vipnekretnine.hr\/de\/","og_site_name":"Vip Nekretnine","article_modified_time":"2019-11-18T11:32:59+00:00","twitter_card":"summary_large_image","twitter_misc":{"Gesch\u00e4tzte Lesezeit":"2\u00a0Minuten"},"schema":{"@context":"https:\/\/schema.org","@graph":[{"@type":"WebPage","@id":"https:\/\/vipnekretnine.hr\/de\/","url":"https:\/\/vipnekretnine.hr\/de\/","name":"Immobilien in Kroatien am Meer kaufen | Vip Nekretnine","isPartOf":{"@id":"https:\/\/vipnekretnine.hr\/de\/#website"},"datePublished":"2019-06-12T14:34:21+00:00","dateModified":"2019-11-18T11:32:59+00:00","description":"Wir sind professionelle Immobilienagentur und k\u00f6nnen alle Ihre Bed\u00fcrfnisse erf\u00fcllen, egal ob Sie ein Haus am Meer oder eine Wohnung im Zentrum kaufen m\u00f6chten.","breadcrumb":{"@id":"https:\/\/vipnekretnine.hr\/de\/#breadcrumb"},"inLanguage":"de","potentialAction":[{"@type":"ReadAction","target":["https:\/\/vipnekretnine.hr\/de\/"]}]},{"@type":"BreadcrumbList","@id":"https:\/\/vipnekretnine.hr\/de\/#breadcrumb","itemListElement":[{"@type":"ListItem","position":1,"name":"Home","item":"https:\/\/vipnekretnine.hr\/de\/"},{"@type":"ListItem","position":2,"name":"Startseite"}]},{"@type":"WebSite","@id":"https:\/\/vipnekretnine.hr\/de\/#website","url":"https:\/\/vipnekretnine.hr\/de\/","name":"Vip Nekretnine","description":"Finden Sie Ihr perfektes Zuhause","potentialAction":[{"@type":"SearchAction","target":{"@type":"EntryPoint","urlTemplate":"https:\/\/vipnekretnine.hr\/de\/?s={search_term_string}"},"query-input":"required name=search_term_string"}],"inLanguage":"de"}]}},"_links":{"self":[{"href":"https:\/\/vipnekretnine.hr\/de\/wp-json\/wp\/v2\/pages\/21346","targetHints":{"allow":["GET"]}}],"collection":[{"href":"https:\/\/vipnekretnine.hr\/de\/wp-json\/wp\/v2\/pages"}],"about":[{"href":"https:\/\/vipnekretnine.hr\/de\/wp-json\/wp\/v2\/types\/page"}],"author":[{"embeddable":true,"href":"https:\/\/vipnekretnine.hr\/de\/wp-json\/wp\/v2\/users\/2"}],"replies":[{"embeddable":true,"href":"https:\/\/vipnekretnine.hr\/de\/wp-json\/wp\/v2\/comments?post=21346"}],"version-history":[{"count":10,"href":"https:\/\/vipnekretnine.hr\/de\/wp-json\/wp\/v2\/pages\/21346\/revisions"}],"predecessor-version":[{"id":23137,"href":"https:\/\/vipnekretnine.hr\/de\/wp-json\/wp\/v2\/pages\/21346\/revisions\/23137"}],"wp:attachment":[{"href":"https:\/\/vipnekretnine.hr\/de\/wp-json\/wp\/v2\/media?parent=21346"}],"curies":[{"name":"wp","href":"https:\/\/api.w.org\/{rel}","templated":true}]}}