{"id":21367,"date":"2019-06-21T12:32:37","date_gmt":"2019-06-21T12:32:37","guid":{"rendered":"https:\/\/vipnekretnine.hr\/immobilien\/"},"modified":"2019-10-19T14:30:32","modified_gmt":"2019-10-19T14:30:32","slug":"immobilien","status":"publish","type":"page","link":"https:\/\/vipnekretnine.hr\/de\/immobilien\/","title":{"rendered":"Immobilien"},"content":{"rendered":"","protected":false},"excerpt":{"rendered":"","protected":false},"author":2,"featured_media":0,"parent":0,"menu_order":0,"comment_status":"closed","ping_status":"closed","template":"property_list.php","meta":{"footnotes":""},"class_list":["post-21367","page","type-page","status-publish","hentry"],"yoast_head":"<!-- This site is optimized with the Yoast SEO plugin v20.11 - https:\/\/yoast.com\/wordpress\/plugins\/seo\/ -->\n<title>Immobilien in Kroatien kaufen | Immobilienangebote | Vip Nekretnine<\/title>\n<meta name=\"description\" content=\"Ob Sie ein Haus oder eine Wohnung kaufen oder in neue Projekte an der sch\u00f6nsten Adriak\u00fcste investieren wollen, wir finden die perfekte Immobilie f\u00fcr Sie.\" \/>\n<meta name=\"robots\" content=\"index, follow, max-snippet:-1, max-image-preview:large, max-video-preview:-1\" \/>\n<link rel=\"canonical\" href=\"https:\/\/vipnekretnine.hr\/de\/immobilien\/\" \/>\n<meta property=\"og:locale\" content=\"de_DE\" \/>\n<meta property=\"og:type\" content=\"article\" \/>\n<meta property=\"og:title\" content=\"Immobilien in Kroatien kaufen | Immobilienangebote | Vip Nekretnine\" \/>\n<meta property=\"og:description\" content=\"Ob Sie ein Haus oder eine Wohnung kaufen oder in neue Projekte an der sch\u00f6nsten Adriak\u00fcste investieren wollen, wir finden die perfekte Immobilie f\u00fcr Sie.\" \/>\n<meta property=\"og:url\" content=\"https:\/\/vipnekretnine.hr\/de\/immobilien\/\" \/>\n<meta property=\"og:site_name\" content=\"Vip Nekretnine\" \/>\n<meta property=\"article:modified_time\" content=\"2019-10-19T14:30:32+00:00\" \/>\n<meta name=\"twitter:card\" content=\"summary_large_image\" \/>\n<script type=\"application\/ld+json\" class=\"yoast-schema-graph\">{\"@context\":\"https:\/\/schema.org\",\"@graph\":[{\"@type\":\"WebPage\",\"@id\":\"https:\/\/vipnekretnine.hr\/de\/immobilien\/\",\"url\":\"https:\/\/vipnekretnine.hr\/de\/immobilien\/\",\"name\":\"Immobilien in Kroatien kaufen | Immobilienangebote | Vip Nekretnine\",\"isPartOf\":{\"@id\":\"https:\/\/vipnekretnine.hr\/de\/#website\"},\"datePublished\":\"2019-06-21T12:32:37+00:00\",\"dateModified\":\"2019-10-19T14:30:32+00:00\",\"description\":\"Ob Sie ein Haus oder eine Wohnung kaufen oder in neue Projekte an der sch\u00f6nsten Adriak\u00fcste investieren wollen, wir finden die perfekte Immobilie f\u00fcr Sie.\",\"breadcrumb\":{\"@id\":\"https:\/\/vipnekretnine.hr\/de\/immobilien\/#breadcrumb\"},\"inLanguage\":\"de\",\"potentialAction\":[{\"@type\":\"ReadAction\",\"target\":[\"https:\/\/vipnekretnine.hr\/de\/immobilien\/\"]}]},{\"@type\":\"BreadcrumbList\",\"@id\":\"https:\/\/vipnekretnine.hr\/de\/immobilien\/#breadcrumb\",\"itemListElement\":[{\"@type\":\"ListItem\",\"position\":1,\"name\":\"Home\",\"item\":\"https:\/\/vipnekretnine.hr\/de\/\"},{\"@type\":\"ListItem\",\"position\":2,\"name\":\"Immobilien\"}]},{\"@type\":\"WebSite\",\"@id\":\"https:\/\/vipnekretnine.hr\/de\/#website\",\"url\":\"https:\/\/vipnekretnine.hr\/de\/\",\"name\":\"Vip Nekretnine\",\"description\":\"Finden Sie Ihr perfektes Zuhause\",\"potentialAction\":[{\"@type\":\"SearchAction\",\"target\":{\"@type\":\"EntryPoint\",\"urlTemplate\":\"https:\/\/vipnekretnine.hr\/de\/?s={search_term_string}\"},\"query-input\":\"required name=search_term_string\"}],\"inLanguage\":\"de\"}]}<\/script>\n<!-- \/ Yoast SEO plugin. -->","yoast_head_json":{"title":"Immobilien in Kroatien kaufen | Immobilienangebote | Vip Nekretnine","description":"Ob Sie ein Haus oder eine Wohnung kaufen oder in neue Projekte an der sch\u00f6nsten Adriak\u00fcste investieren wollen, wir finden die perfekte Immobilie f\u00fcr Sie.","robots":{"index":"index","follow":"follow","max-snippet":"max-snippet:-1","max-image-preview":"max-image-preview:large","max-video-preview":"max-video-preview:-1"},"canonical":"https:\/\/vipnekretnine.hr\/de\/immobilien\/","og_locale":"de_DE","og_type":"article","og_title":"Immobilien in Kroatien kaufen | Immobilienangebote | Vip Nekretnine","og_description":"Ob Sie ein Haus oder eine Wohnung kaufen oder in neue Projekte an der sch\u00f6nsten Adriak\u00fcste investieren wollen, wir finden die perfekte Immobilie f\u00fcr Sie.","og_url":"https:\/\/vipnekretnine.hr\/de\/immobilien\/","og_site_name":"Vip Nekretnine","article_modified_time":"2019-10-19T14:30:32+00:00","twitter_card":"summary_large_image","schema":{"@context":"https:\/\/schema.org","@graph":[{"@type":"WebPage","@id":"https:\/\/vipnekretnine.hr\/de\/immobilien\/","url":"https:\/\/vipnekretnine.hr\/de\/immobilien\/","name":"Immobilien in Kroatien kaufen | Immobilienangebote | Vip Nekretnine","isPartOf":{"@id":"https:\/\/vipnekretnine.hr\/de\/#website"},"datePublished":"2019-06-21T12:32:37+00:00","dateModified":"2019-10-19T14:30:32+00:00","description":"Ob Sie ein Haus oder eine Wohnung kaufen oder in neue Projekte an der sch\u00f6nsten Adriak\u00fcste investieren wollen, wir finden die perfekte Immobilie f\u00fcr Sie.","breadcrumb":{"@id":"https:\/\/vipnekretnine.hr\/de\/immobilien\/#breadcrumb"},"inLanguage":"de","potentialAction":[{"@type":"ReadAction","target":["https:\/\/vipnekretnine.hr\/de\/immobilien\/"]}]},{"@type":"BreadcrumbList","@id":"https:\/\/vipnekretnine.hr\/de\/immobilien\/#breadcrumb","itemListElement":[{"@type":"ListItem","position":1,"name":"Home","item":"https:\/\/vipnekretnine.hr\/de\/"},{"@type":"ListItem","position":2,"name":"Immobilien"}]},{"@type":"WebSite","@id":"https:\/\/vipnekretnine.hr\/de\/#website","url":"https:\/\/vipnekretnine.hr\/de\/","name":"Vip Nekretnine","description":"Finden Sie Ihr perfektes Zuhause","potentialAction":[{"@type":"SearchAction","target":{"@type":"EntryPoint","urlTemplate":"https:\/\/vipnekretnine.hr\/de\/?s={search_term_string}"},"query-input":"required name=search_term_string"}],"inLanguage":"de"}]}},"_links":{"self":[{"href":"https:\/\/vipnekretnine.hr\/de\/wp-json\/wp\/v2\/pages\/21367","targetHints":{"allow":["GET"]}}],"collection":[{"href":"https:\/\/vipnekretnine.hr\/de\/wp-json\/wp\/v2\/pages"}],"about":[{"href":"https:\/\/vipnekretnine.hr\/de\/wp-json\/wp\/v2\/types\/page"}],"author":[{"embeddable":true,"href":"https:\/\/vipnekretnine.hr\/de\/wp-json\/wp\/v2\/users\/2"}],"replies":[{"embeddable":true,"href":"https:\/\/vipnekretnine.hr\/de\/wp-json\/wp\/v2\/comments?post=21367"}],"version-history":[{"count":1,"href":"https:\/\/vipnekretnine.hr\/de\/wp-json\/wp\/v2\/pages\/21367\/revisions"}],"predecessor-version":[{"id":21371,"href":"https:\/\/vipnekretnine.hr\/de\/wp-json\/wp\/v2\/pages\/21367\/revisions\/21371"}],"wp:attachment":[{"href":"https:\/\/vipnekretnine.hr\/de\/wp-json\/wp\/v2\/media?parent=21367"}],"curies":[{"name":"wp","href":"https:\/\/api.w.org\/{rel}","templated":true}]}}