{"id":26323,"date":"2020-11-16T11:36:23","date_gmt":"2020-11-16T11:36:23","guid":{"rendered":"https:\/\/vipnekretnine.hr\/naslovna\/"},"modified":"2020-12-09T09:00:24","modified_gmt":"2020-12-09T09:00:24","slug":"naslovna","status":"publish","type":"page","link":"https:\/\/vipnekretnine.hr\/hr\/","title":{"rendered":"Naslovna"},"content":{"rendered":"<p>[vc_row][vc_column css=&#8221;.vc_custom_1552138388087{margin-bottom: 30px !important;padding-top: 30px !important;}&#8221;]<div id=\"ultimate-heading-879869f3ce9d12666\" class=\"uvc-heading ult-adjust-bottom-margin ultimate-heading-879869f3ce9d12666 uvc-2112 \" data-hspacer=\"no_spacer\"  data-halign=\"center\" style=\"text-align:center\"><div class=\"uvc-heading-spacer no_spacer\" style=\"top\"><\/div><div class=\"uvc-main-heading ult-responsive\"  data-ultimate-target='.uvc-heading.ultimate-heading-879869f3ce9d12666 h2'  data-responsive-json-new='{\"font-size\":\"\",\"line-height\":\"\"}' ><h2 style=\"font-weight:normal;margin-top:20px;\">ODABERITE NEKRETNINU NA KVARNERU ILI U ISTRI<\/h2><\/div><\/div>[vc_separator color=&#8221;sky&#8221; style=&#8221;shadow&#8221; border_width=&#8221;7&#8243; el_width=&#8221;60&#8243; css=&#8221;.vc_custom_1552138401213{margin-top: 20px !important;padding-top: 20px !important;}&#8221;][vc_column_text css=&#8221;.vc_custom_1552138279950{margin-top: 0px !important;}&#8221;]<\/p>\n<h3 style=\"text-align: center;\">U\u017eivajte u prirodnim ljepotama Hrvatske, prekrasnom pogledu na Jadransko more i mediteranskom na\u010dinu \u017eivota tijekom cijele godine.<\/h3>\n<p>[\/vc_column_text][\/vc_column][\/vc_row][vc_row][vc_column width=&#8221;2\/3&#8243;]<div class=\"article_container places_list_2 one_row \">\n<div class=\"places_wrapper_type_2\" style=\"background-image: url(https:\/\/vipnekretnine.hr\/wp-content\/uploads\/2014\/05\/houses_vipnekretnine-scaled-980x777.jpg);\">\n\n    <div class=\"places_cover\" data-link=\"http:\/\/vipnekretnine.hr\/property_category\/houses\/\" ><\/div>\n    <div class=\"places_type_2_content\"  >\n        <h4><a href=\"http:\/\/vipnekretnine.hr\/property_category\/houses\/\">\n            Houses            <\/a>\n        <\/h4>\n\n        <div class=\"places_type_2_tagline\">\n                    <\/div>\n\n        <div class=\"places_type_2_listings_no\">\n            42 Listings        <\/div>\n\n    <\/div>\n<\/div>\n<\/div>[\/vc_column][vc_column width=&#8221;1\/3&#8243;]<div class=\"article_container places_list_2 one_row \">\n<div class=\"places_wrapper_type_2\" style=\"background-image: url(https:\/\/vipnekretnine.hr\/wp-content\/uploads\/2014\/05\/view-3412503_1920-1-980x777.jpg);\">\n\n    <div class=\"places_cover\" data-link=\"http:\/\/vipnekretnine.hr\/property_category\/investment-projects\/\" ><\/div>\n    <div class=\"places_type_2_content\"  >\n        <h4><a href=\"http:\/\/vipnekretnine.hr\/property_category\/investment-projects\/\">\n            Investment Projects            <\/a>\n        <\/h4>\n\n        <div class=\"places_type_2_tagline\">\n                    <\/div>\n\n        <div class=\"places_type_2_listings_no\">\n            8 Listings        <\/div>\n\n    <\/div>\n<\/div>\n<\/div>[\/vc_column][\/vc_row][vc_row][vc_column width=&#8221;2\/3&#8243;]<div class=\"article_container places_list_2 one_row \">\n<div class=\"places_wrapper_type_2\" style=\"background-image: url(https:\/\/vipnekretnine.hr\/wp-content\/uploads\/2014\/05\/apartment-architectural-design-architecture-323772-1-980x777.jpg);\">\n\n    <div class=\"places_cover\" data-link=\"http:\/\/vipnekretnine.hr\/property_category\/apartments\/\" ><\/div>\n    <div class=\"places_type_2_content\"  >\n        <h4><a href=\"http:\/\/vipnekretnine.hr\/property_category\/apartments\/\">\n            Apartments            <\/a>\n        <\/h4>\n\n        <div class=\"places_type_2_tagline\">\n                    <\/div>\n\n        <div class=\"places_type_2_listings_no\">\n            33 Listings        <\/div>\n\n    <\/div>\n<\/div>\n<\/div>[\/vc_column][vc_column width=&#8221;1\/3&#8243;]<div class=\"article_container places_list_2 one_row \">\n<div class=\"places_wrapper_type_2\" style=\"background-image: url(https:\/\/vipnekretnine.hr\/wp-content\/uploads\/2014\/05\/Lands-for-sale-in-Croatia-Kvarner-980x469.jpg);\">\n\n    <div class=\"places_cover\" data-link=\"http:\/\/vipnekretnine.hr\/property_category\/lands\/\" ><\/div>\n    <div class=\"places_type_2_content\"  >\n        <h4><a href=\"http:\/\/vipnekretnine.hr\/property_category\/lands\/\">\n            Lands            <\/a>\n        <\/h4>\n\n        <div class=\"places_type_2_tagline\">\n                    <\/div>\n\n        <div class=\"places_type_2_listings_no\">\n            18 Listings        <\/div>\n\n    <\/div>\n<\/div>\n<\/div>[\/vc_column][\/vc_row][vc_row][vc_column css=&#8221;.vc_custom_1552138616391{margin-top: 40px !important;}&#8221;]<div id=\"ultimate-heading-466069f3ce9d14630\" class=\"uvc-heading ult-adjust-bottom-margin ultimate-heading-466069f3ce9d14630 uvc-9956 \" data-hspacer=\"no_spacer\"  data-halign=\"center\" style=\"text-align:center\"><div class=\"uvc-heading-spacer no_spacer\" style=\"top\"><\/div><div class=\"uvc-main-heading ult-responsive\"  data-ultimate-target='.uvc-heading.ultimate-heading-466069f3ce9d14630 h2'  data-responsive-json-new='{\"font-size\":\"\",\"line-height\":\"\"}' ><h2 style=\"font-weight:bold;margin-top:30px;\">TREBATE VI\u0160E INFORMACIJA?<\/h2><\/div><\/div>[\/vc_column][\/vc_row][vc_row css=&#8221;.vc_custom_1550330929053{margin-right: 0px !important;margin-left: 0px !important;}&#8221;][vc_column][vc_separator color=&#8221;sky&#8221; style=&#8221;shadow&#8221; border_width=&#8221;7&#8243; el_width=&#8221;60&#8243; css=&#8221;.vc_custom_1568382882843{margin-top: 20px !important;padding-top: 20px !important;}&#8221;][vc_column_text css=&#8221;.vc_custom_1574075234714{margin-top: 0px !important;}&#8221;]<\/p>\n<h3 style=\"text-align: center;\">Sa svojih 15 godina znanja i iskustva na tr\u017ei\u0161tu nekretnina u Hrvatskoj, posebno na Kvarneru i u Istri, mo\u017eemo sigurno zadovoljiti sve Va\u0161e \u017eelje i potrebe.<\/h3>\n<h3 style=\"text-align: center;\">Tra\u017eite li posebnu nekretninu? Javite nam se bez obaveza.<\/h3>\n<p>[\/vc_column_text][vc_btn title=&#8221;KONTAKTIRAJTE NAS&#8221; color=&#8221;sky&#8221; align=&#8221;center&#8221; css=&#8221;.vc_custom_1553087089181{padding-bottom: 30px !important;}&#8221; link=&#8221;url:https%3A%2F%2Fvipnekretnine.hr%2Fcontact%2F|title:Kontakt|&#8221;][\/vc_column][\/vc_row]<\/p>\n","protected":false},"excerpt":{"rendered":"<p>[vc_row][vc_column css=&#8221;.vc_custom_1552138388087{margin-bottom: 30px !important;padding-top: 30px !important;}&#8221;][vc_separator color=&#8221;sky&#8221; style=&#8221;shadow&#8221; border_width=&#8221;7&#8243; el_width=&#8221;60&#8243; css=&#8221;.vc_custom_1552138401213{margin-top: 20px !important;padding-top: 20px !important;}&#8221;][vc_column_text css=&#8221;.vc_custom_1552138279950{margin-top: 0px !important;}&#8221;] U\u017eivajte u prirodnim ljepotama Hrvatske, prekrasnom pogledu na Jadransko more i mediteranskom na\u010dinu \u017eivota tijekom cijele godine. [\/vc_column_text][\/vc_column][\/vc_row][vc_row][vc_column width=&#8221;2\/3&#8243;][\/vc_column][vc_column width=&#8221;1\/3&#8243;][\/vc_column][\/vc_row][vc_row][vc_column width=&#8221;2\/3&#8243;][\/vc_column][vc_column width=&#8221;1\/3&#8243;][\/vc_column][\/vc_row][vc_row][vc_column css=&#8221;.vc_custom_1552138616391{margin-top: 40px !important;}&#8221;][\/vc_column][\/vc_row][vc_row css=&#8221;.vc_custom_1550330929053{margin-right: 0px !important;margin-left: 0px !important;}&#8221;][vc_column][vc_separator color=&#8221;sky&#8221; style=&#8221;shadow&#8221; border_width=&#8221;7&#8243; el_width=&#8221;60&#8243; css=&#8221;.vc_custom_1568382882843{margin-top: 20px !important;padding-top: 20px !important;}&#8221;][vc_column_text css=&#8221;.vc_custom_1574075234714{margin-top: 0px !important;}&#8221;] Sa svojih 15 godina &#8230;<\/p>\n","protected":false},"author":2,"featured_media":0,"parent":0,"menu_order":0,"comment_status":"closed","ping_status":"closed","template":"","meta":{"footnotes":""},"class_list":["post-26323","page","type-page","status-publish","hentry"],"yoast_head":"<!-- This site is optimized with the Yoast SEO plugin v20.11 - https:\/\/yoast.com\/wordpress\/plugins\/seo\/ -->\n<title>Agencija za Nekretnine | Istra &amp; Kvarner | Vip Nekretnine<\/title>\n<meta name=\"description\" content=\"Profesionalna agencija za nekretnine s vi\u0161egodi\u0161njim iskustvom u prodaji i posredovanju nekretnina na podru\u010dju Kvarnera i Istre.\" \/>\n<meta name=\"robots\" content=\"index, follow, max-snippet:-1, max-image-preview:large, max-video-preview:-1\" \/>\n<link rel=\"canonical\" href=\"https:\/\/vipnekretnine.hr\/hr\/\" \/>\n<meta property=\"og:locale\" content=\"hr_HR\" \/>\n<meta property=\"og:type\" content=\"article\" \/>\n<meta property=\"og:title\" content=\"Agencija za Nekretnine | Istra &amp; Kvarner | Vip Nekretnine\" \/>\n<meta property=\"og:description\" content=\"Profesionalna agencija za nekretnine s vi\u0161egodi\u0161njim iskustvom u prodaji i posredovanju nekretnina na podru\u010dju Kvarnera i Istre.\" \/>\n<meta property=\"og:url\" content=\"https:\/\/vipnekretnine.hr\/hr\/\" \/>\n<meta property=\"og:site_name\" content=\"Vip Nekretnine\" \/>\n<meta property=\"article:modified_time\" content=\"2020-12-09T09:00:24+00:00\" \/>\n<meta name=\"twitter:card\" content=\"summary_large_image\" \/>\n<meta name=\"twitter:label1\" content=\"Procijenjeno vrijeme \u010ditanja\" \/>\n\t<meta name=\"twitter:data1\" content=\"2 minute\" \/>\n<script type=\"application\/ld+json\" class=\"yoast-schema-graph\">{\"@context\":\"https:\/\/schema.org\",\"@graph\":[{\"@type\":\"WebPage\",\"@id\":\"https:\/\/vipnekretnine.hr\/hr\/\",\"url\":\"https:\/\/vipnekretnine.hr\/hr\/\",\"name\":\"Agencija za Nekretnine | Istra & Kvarner | Vip Nekretnine\",\"isPartOf\":{\"@id\":\"https:\/\/vipnekretnine.hr\/hr\/#website\"},\"datePublished\":\"2020-11-16T11:36:23+00:00\",\"dateModified\":\"2020-12-09T09:00:24+00:00\",\"description\":\"Profesionalna agencija za nekretnine s vi\u0161egodi\u0161njim iskustvom u prodaji i posredovanju nekretnina na podru\u010dju Kvarnera i Istre.\",\"breadcrumb\":{\"@id\":\"https:\/\/vipnekretnine.hr\/hr\/#breadcrumb\"},\"inLanguage\":\"hr\",\"potentialAction\":[{\"@type\":\"ReadAction\",\"target\":[\"https:\/\/vipnekretnine.hr\/hr\/\"]}]},{\"@type\":\"BreadcrumbList\",\"@id\":\"https:\/\/vipnekretnine.hr\/hr\/#breadcrumb\",\"itemListElement\":[{\"@type\":\"ListItem\",\"position\":1,\"name\":\"Naslovna\",\"item\":\"https:\/\/vipnekretnine.hr\/hr\/\"},{\"@type\":\"ListItem\",\"position\":2,\"name\":\"Naslovna\"}]},{\"@type\":\"WebSite\",\"@id\":\"https:\/\/vipnekretnine.hr\/hr\/#website\",\"url\":\"https:\/\/vipnekretnine.hr\/hr\/\",\"name\":\"Vip Nekretnine\",\"description\":\"PRONA\u0110ITE SVOJ NOVI SAVR\u0160ENI DOM\",\"potentialAction\":[{\"@type\":\"SearchAction\",\"target\":{\"@type\":\"EntryPoint\",\"urlTemplate\":\"https:\/\/vipnekretnine.hr\/hr\/?s={search_term_string}\"},\"query-input\":\"required name=search_term_string\"}],\"inLanguage\":\"hr\"}]}<\/script>\n<!-- \/ Yoast SEO plugin. -->","yoast_head_json":{"title":"Agencija za Nekretnine | Istra & Kvarner | Vip Nekretnine","description":"Profesionalna agencija za nekretnine s vi\u0161egodi\u0161njim iskustvom u prodaji i posredovanju nekretnina na podru\u010dju Kvarnera i Istre.","robots":{"index":"index","follow":"follow","max-snippet":"max-snippet:-1","max-image-preview":"max-image-preview:large","max-video-preview":"max-video-preview:-1"},"canonical":"https:\/\/vipnekretnine.hr\/hr\/","og_locale":"hr_HR","og_type":"article","og_title":"Agencija za Nekretnine | Istra & Kvarner | Vip Nekretnine","og_description":"Profesionalna agencija za nekretnine s vi\u0161egodi\u0161njim iskustvom u prodaji i posredovanju nekretnina na podru\u010dju Kvarnera i Istre.","og_url":"https:\/\/vipnekretnine.hr\/hr\/","og_site_name":"Vip Nekretnine","article_modified_time":"2020-12-09T09:00:24+00:00","twitter_card":"summary_large_image","twitter_misc":{"Procijenjeno vrijeme \u010ditanja":"2 minute"},"schema":{"@context":"https:\/\/schema.org","@graph":[{"@type":"WebPage","@id":"https:\/\/vipnekretnine.hr\/hr\/","url":"https:\/\/vipnekretnine.hr\/hr\/","name":"Agencija za Nekretnine | Istra & Kvarner | Vip Nekretnine","isPartOf":{"@id":"https:\/\/vipnekretnine.hr\/hr\/#website"},"datePublished":"2020-11-16T11:36:23+00:00","dateModified":"2020-12-09T09:00:24+00:00","description":"Profesionalna agencija za nekretnine s vi\u0161egodi\u0161njim iskustvom u prodaji i posredovanju nekretnina na podru\u010dju Kvarnera i Istre.","breadcrumb":{"@id":"https:\/\/vipnekretnine.hr\/hr\/#breadcrumb"},"inLanguage":"hr","potentialAction":[{"@type":"ReadAction","target":["https:\/\/vipnekretnine.hr\/hr\/"]}]},{"@type":"BreadcrumbList","@id":"https:\/\/vipnekretnine.hr\/hr\/#breadcrumb","itemListElement":[{"@type":"ListItem","position":1,"name":"Naslovna","item":"https:\/\/vipnekretnine.hr\/hr\/"},{"@type":"ListItem","position":2,"name":"Naslovna"}]},{"@type":"WebSite","@id":"https:\/\/vipnekretnine.hr\/hr\/#website","url":"https:\/\/vipnekretnine.hr\/hr\/","name":"Vip Nekretnine","description":"PRONA\u0110ITE SVOJ NOVI SAVR\u0160ENI DOM","potentialAction":[{"@type":"SearchAction","target":{"@type":"EntryPoint","urlTemplate":"https:\/\/vipnekretnine.hr\/hr\/?s={search_term_string}"},"query-input":"required name=search_term_string"}],"inLanguage":"hr"}]}},"_links":{"self":[{"href":"https:\/\/vipnekretnine.hr\/hr\/wp-json\/wp\/v2\/pages\/26323","targetHints":{"allow":["GET"]}}],"collection":[{"href":"https:\/\/vipnekretnine.hr\/hr\/wp-json\/wp\/v2\/pages"}],"about":[{"href":"https:\/\/vipnekretnine.hr\/hr\/wp-json\/wp\/v2\/types\/page"}],"author":[{"embeddable":true,"href":"https:\/\/vipnekretnine.hr\/hr\/wp-json\/wp\/v2\/users\/2"}],"replies":[{"embeddable":true,"href":"https:\/\/vipnekretnine.hr\/hr\/wp-json\/wp\/v2\/comments?post=26323"}],"version-history":[{"count":8,"href":"https:\/\/vipnekretnine.hr\/hr\/wp-json\/wp\/v2\/pages\/26323\/revisions"}],"predecessor-version":[{"id":26904,"href":"https:\/\/vipnekretnine.hr\/hr\/wp-json\/wp\/v2\/pages\/26323\/revisions\/26904"}],"wp:attachment":[{"href":"https:\/\/vipnekretnine.hr\/hr\/wp-json\/wp\/v2\/media?parent=26323"}],"curies":[{"name":"wp","href":"https:\/\/api.w.org\/{rel}","templated":true}]}}