{"id":26327,"date":"2020-11-16T11:41:59","date_gmt":"2020-11-16T11:41:59","guid":{"rendered":"https:\/\/vipnekretnine.hr\/kontakt\/"},"modified":"2020-12-09T08:32:14","modified_gmt":"2020-12-09T08:32:14","slug":"kontakt","status":"publish","type":"page","link":"https:\/\/vipnekretnine.hr\/hr\/kontakt\/","title":{"rendered":"Kontakt"},"content":{"rendered":"<p>[vc_row][vc_column][vc_column_text]<span style=\"font-size: 10pt;\">OIB 73881937536 | MB 97301051 |<\/span><span style=\"font-size: 10pt;\">Erste &amp;amp; Steierm\u00e4rkische Bank dd &#8211; IBAN HR2124020061140266854 |<\/span><span style=\"font-size: 10pt;\">Direktor: Igor Bokuli\u0107<\/span>| <span style=\"font-size: 10pt;\">Radno vrijeme: 9:00 &#8211; 17:00<\/span>[\/vc_column_text][\/vc_column][\/vc_row][vc_row css=&#8221;.vc_custom_1551304918987{padding-left: 0px !important;background-color: #ffffff !important;}&#8221;][vc_column][vc_separator color=&#8221;sky&#8221; style=&#8221;shadow&#8221; border_width=&#8221;7&#8243; el_width=&#8221;50&#8243; css=&#8221;.vc_custom_1552259057405{margin-top: 20px !important;}&#8221;]<div id=\"ultimate-heading-271169de3e86c1709\" class=\"uvc-heading ult-adjust-bottom-margin ultimate-heading-271169de3e86c1709 uvc-6602 \" data-hspacer=\"no_spacer\"  data-halign=\"center\" style=\"text-align:center\"><div class=\"uvc-heading-spacer no_spacer\" style=\"top\"><\/div><div class=\"uvc-main-heading ult-responsive\"  data-ultimate-target='.uvc-heading.ultimate-heading-271169de3e86c1709 h3'  data-responsive-json-new='{\"font-size\":\"\",\"line-height\":\"\"}' ><h3 style=\"font-weight:normal;color:#5b5b5b;\">Bez obzira trebate li pomo\u0107 kako biste prona\u0161li svoj novi dom, stru\u010dnjaka pri prodaji va\u0161e nekretnine ili samo trebate savjet javite nam se i sve \u0107emo se dogovoriti.<\/h3><\/div><\/div><div id=\"ultimate-heading-28069de3e86c177a\" class=\"uvc-heading ult-adjust-bottom-margin ultimate-heading-28069de3e86c177a uvc-6471 \" data-hspacer=\"no_spacer\"  data-halign=\"center\" style=\"text-align:center\"><div class=\"uvc-heading-spacer no_spacer\" style=\"top\"><\/div><div class=\"uvc-main-heading ult-responsive\"  data-ultimate-target='.uvc-heading.ultimate-heading-28069de3e86c177a h3'  data-responsive-json-new='{\"font-size\":\"\",\"line-height\":\"\"}' ><h3 style=\"font-weight:bold;color:#5b5b5b;\">Ako imate bilo kakvo pitanje slobodno nam se javite.<\/h3><\/div><\/div>[vc_separator color=&#8221;sky&#8221; style=&#8221;shadow&#8221; border_width=&#8221;7&#8243; el_width=&#8221;50&#8243; css=&#8221;.vc_custom_1552259066914{margin-top: 35px !important;}&#8221;][\/vc_column][\/vc_row]<\/p>\n","protected":false},"excerpt":{"rendered":"<p>[vc_row][vc_column][vc_column_text]OIB 73881937536 | MB 97301051 |Erste &amp;amp; Steierm\u00e4rkische Bank dd &#8211; IBAN HR2124020061140266854 |Direktor: Igor Bokuli\u0107| Radno vrijeme: 9:00 &#8211; 17:00[\/vc_column_text][\/vc_column][\/vc_row][vc_row css=&#8221;.vc_custom_1551304918987{padding-left: 0px !important;background-color: #ffffff !important;}&#8221;][vc_column][vc_separator color=&#8221;sky&#8221; style=&#8221;shadow&#8221; border_width=&#8221;7&#8243; el_width=&#8221;50&#8243; css=&#8221;.vc_custom_1552259057405{margin-top: 20px !important;}&#8221;][vc_separator color=&#8221;sky&#8221; style=&#8221;shadow&#8221; border_width=&#8221;7&#8243; el_width=&#8221;50&#8243; css=&#8221;.vc_custom_1552259066914{margin-top: 35px !important;}&#8221;][\/vc_column][\/vc_row]<\/p>\n","protected":false},"author":2,"featured_media":0,"parent":0,"menu_order":0,"comment_status":"closed","ping_status":"closed","template":"contact_page.php","meta":{"footnotes":""},"class_list":["post-26327","page","type-page","status-publish","hentry"],"yoast_head":"<!-- This site is optimized with the Yoast SEO plugin v20.11 - https:\/\/yoast.com\/wordpress\/plugins\/seo\/ -->\n<title>Kontakt | Vip Nekretnine | Agencija za nekretnine u Hrvatskoj<\/title>\n<meta name=\"description\" content=\"Bilo da vam treba pomo\u0107 u pronala\u017eenju nove ili prodaji va\u0161e nekretnine, slobodno nam se javite bez obaveza.\" \/>\n<meta name=\"robots\" content=\"index, follow, max-snippet:-1, max-image-preview:large, max-video-preview:-1\" \/>\n<link rel=\"canonical\" href=\"https:\/\/vipnekretnine.hr\/hr\/kontakt\/\" \/>\n<meta property=\"og:locale\" content=\"hr_HR\" \/>\n<meta property=\"og:type\" content=\"article\" \/>\n<meta property=\"og:title\" content=\"Kontakt | Vip Nekretnine | Agencija za nekretnine u Hrvatskoj\" \/>\n<meta property=\"og:description\" content=\"Bilo da vam treba pomo\u0107 u pronala\u017eenju nove ili prodaji va\u0161e nekretnine, slobodno nam se javite bez obaveza.\" \/>\n<meta property=\"og:url\" content=\"https:\/\/vipnekretnine.hr\/hr\/kontakt\/\" \/>\n<meta property=\"og:site_name\" content=\"Vip Nekretnine\" \/>\n<meta property=\"article:modified_time\" content=\"2020-12-09T08:32:14+00:00\" \/>\n<meta name=\"twitter:card\" content=\"summary_large_image\" \/>\n<meta name=\"twitter:label1\" content=\"Procijenjeno vrijeme \u010ditanja\" \/>\n\t<meta name=\"twitter:data1\" content=\"1 minuta\" \/>\n<script type=\"application\/ld+json\" class=\"yoast-schema-graph\">{\"@context\":\"https:\/\/schema.org\",\"@graph\":[{\"@type\":\"WebPage\",\"@id\":\"https:\/\/vipnekretnine.hr\/hr\/kontakt\/\",\"url\":\"https:\/\/vipnekretnine.hr\/hr\/kontakt\/\",\"name\":\"Kontakt | Vip Nekretnine | Agencija za nekretnine u Hrvatskoj\",\"isPartOf\":{\"@id\":\"https:\/\/vipnekretnine.hr\/hr\/#website\"},\"datePublished\":\"2020-11-16T11:41:59+00:00\",\"dateModified\":\"2020-12-09T08:32:14+00:00\",\"description\":\"Bilo da vam treba pomo\u0107 u pronala\u017eenju nove ili prodaji va\u0161e nekretnine, slobodno nam se javite bez obaveza.\",\"breadcrumb\":{\"@id\":\"https:\/\/vipnekretnine.hr\/hr\/kontakt\/#breadcrumb\"},\"inLanguage\":\"hr\",\"potentialAction\":[{\"@type\":\"ReadAction\",\"target\":[\"https:\/\/vipnekretnine.hr\/hr\/kontakt\/\"]}]},{\"@type\":\"BreadcrumbList\",\"@id\":\"https:\/\/vipnekretnine.hr\/hr\/kontakt\/#breadcrumb\",\"itemListElement\":[{\"@type\":\"ListItem\",\"position\":1,\"name\":\"Naslovna\",\"item\":\"https:\/\/vipnekretnine.hr\/hr\/\"},{\"@type\":\"ListItem\",\"position\":2,\"name\":\"Kontakt\"}]},{\"@type\":\"WebSite\",\"@id\":\"https:\/\/vipnekretnine.hr\/hr\/#website\",\"url\":\"https:\/\/vipnekretnine.hr\/hr\/\",\"name\":\"Vip Nekretnine\",\"description\":\"PRONA\u0110ITE SVOJ NOVI SAVR\u0160ENI DOM\",\"potentialAction\":[{\"@type\":\"SearchAction\",\"target\":{\"@type\":\"EntryPoint\",\"urlTemplate\":\"https:\/\/vipnekretnine.hr\/hr\/?s={search_term_string}\"},\"query-input\":\"required name=search_term_string\"}],\"inLanguage\":\"hr\"}]}<\/script>\n<!-- \/ Yoast SEO plugin. -->","yoast_head_json":{"title":"Kontakt | Vip Nekretnine | Agencija za nekretnine u Hrvatskoj","description":"Bilo da vam treba pomo\u0107 u pronala\u017eenju nove ili prodaji va\u0161e nekretnine, slobodno nam se javite bez obaveza.","robots":{"index":"index","follow":"follow","max-snippet":"max-snippet:-1","max-image-preview":"max-image-preview:large","max-video-preview":"max-video-preview:-1"},"canonical":"https:\/\/vipnekretnine.hr\/hr\/kontakt\/","og_locale":"hr_HR","og_type":"article","og_title":"Kontakt | Vip Nekretnine | Agencija za nekretnine u Hrvatskoj","og_description":"Bilo da vam treba pomo\u0107 u pronala\u017eenju nove ili prodaji va\u0161e nekretnine, slobodno nam se javite bez obaveza.","og_url":"https:\/\/vipnekretnine.hr\/hr\/kontakt\/","og_site_name":"Vip Nekretnine","article_modified_time":"2020-12-09T08:32:14+00:00","twitter_card":"summary_large_image","twitter_misc":{"Procijenjeno vrijeme \u010ditanja":"1 minuta"},"schema":{"@context":"https:\/\/schema.org","@graph":[{"@type":"WebPage","@id":"https:\/\/vipnekretnine.hr\/hr\/kontakt\/","url":"https:\/\/vipnekretnine.hr\/hr\/kontakt\/","name":"Kontakt | Vip Nekretnine | Agencija za nekretnine u Hrvatskoj","isPartOf":{"@id":"https:\/\/vipnekretnine.hr\/hr\/#website"},"datePublished":"2020-11-16T11:41:59+00:00","dateModified":"2020-12-09T08:32:14+00:00","description":"Bilo da vam treba pomo\u0107 u pronala\u017eenju nove ili prodaji va\u0161e nekretnine, slobodno nam se javite bez obaveza.","breadcrumb":{"@id":"https:\/\/vipnekretnine.hr\/hr\/kontakt\/#breadcrumb"},"inLanguage":"hr","potentialAction":[{"@type":"ReadAction","target":["https:\/\/vipnekretnine.hr\/hr\/kontakt\/"]}]},{"@type":"BreadcrumbList","@id":"https:\/\/vipnekretnine.hr\/hr\/kontakt\/#breadcrumb","itemListElement":[{"@type":"ListItem","position":1,"name":"Naslovna","item":"https:\/\/vipnekretnine.hr\/hr\/"},{"@type":"ListItem","position":2,"name":"Kontakt"}]},{"@type":"WebSite","@id":"https:\/\/vipnekretnine.hr\/hr\/#website","url":"https:\/\/vipnekretnine.hr\/hr\/","name":"Vip Nekretnine","description":"PRONA\u0110ITE SVOJ NOVI SAVR\u0160ENI DOM","potentialAction":[{"@type":"SearchAction","target":{"@type":"EntryPoint","urlTemplate":"https:\/\/vipnekretnine.hr\/hr\/?s={search_term_string}"},"query-input":"required name=search_term_string"}],"inLanguage":"hr"}]}},"_links":{"self":[{"href":"https:\/\/vipnekretnine.hr\/hr\/wp-json\/wp\/v2\/pages\/26327","targetHints":{"allow":["GET"]}}],"collection":[{"href":"https:\/\/vipnekretnine.hr\/hr\/wp-json\/wp\/v2\/pages"}],"about":[{"href":"https:\/\/vipnekretnine.hr\/hr\/wp-json\/wp\/v2\/types\/page"}],"author":[{"embeddable":true,"href":"https:\/\/vipnekretnine.hr\/hr\/wp-json\/wp\/v2\/users\/2"}],"replies":[{"embeddable":true,"href":"https:\/\/vipnekretnine.hr\/hr\/wp-json\/wp\/v2\/comments?post=26327"}],"version-history":[{"count":3,"href":"https:\/\/vipnekretnine.hr\/hr\/wp-json\/wp\/v2\/pages\/26327\/revisions"}],"predecessor-version":[{"id":26903,"href":"https:\/\/vipnekretnine.hr\/hr\/wp-json\/wp\/v2\/pages\/26327\/revisions\/26903"}],"wp:attachment":[{"href":"https:\/\/vipnekretnine.hr\/hr\/wp-json\/wp\/v2\/media?parent=26327"}],"curies":[{"name":"wp","href":"https:\/\/api.w.org\/{rel}","templated":true}]}}