{"id":26332,"date":"2020-11-16T12:01:49","date_gmt":"2020-11-16T12:01:49","guid":{"rendered":"https:\/\/vipnekretnine.hr\/o-nama\/"},"modified":"2020-12-09T08:27:20","modified_gmt":"2020-12-09T08:27:20","slug":"o-nama","status":"publish","type":"page","link":"https:\/\/vipnekretnine.hr\/hr\/o-nama\/","title":{"rendered":"O nama"},"content":{"rendered":"<p>[vc_row][vc_column][vc_empty_space]<div id=\"ultimate-heading-556069de025599295\" class=\"uvc-heading ult-adjust-bottom-margin ultimate-heading-556069de025599295 uvc-1412 \" data-hspacer=\"no_spacer\"  data-halign=\"center\" style=\"text-align:center\"><div class=\"uvc-heading-spacer no_spacer\" style=\"top\"><\/div><div class=\"uvc-main-heading ult-responsive\"  data-ultimate-target='.uvc-heading.ultimate-heading-556069de025599295 h2'  data-responsive-json-new='{\"font-size\":\"\",\"line-height\":\"\"}' ><h2 style=\"font-family:&#039;Open Sans&#039;;font-weight:bold;color:#7f7f7f;\">Tko smo mi <\/h2><\/div><\/div>[vc_separator color=&#8221;sky&#8221; style=&#8221;shadow&#8221; border_width=&#8221;7&#8243; el_width=&#8221;50&#8243; css=&#8221;.vc_custom_1552233933251{padding-top: 25px !important;}&#8221;][\/vc_column][\/vc_row][vc_row][vc_column][vc_column_text css=&#8221;.vc_custom_1552573872252{padding-top: 10px !important;}&#8221;]<\/p>\n<p style=\"text-align: left;\">Vip Nekretnine je profesionalna agencija za nekretnine specijalizirana za prodaju i posredovanje nekretnina na Kvarneru i Istri. Ovdje smo da vam pomognemo sa svojim znanjem, profesionalno\u0161\u0107u i dugogodi\u0161njim iskustvom na tr\u017ei\u0161tu nekretnina. Bilo da tra\u017eite staru kamenu ku\u0107u, apartman blizu mora, veliku ku\u0107u za iznajmljivanje ili zemlji\u0161te, na\u0161 cilj je da vam prona\u0111emo i poudimo ba\u0161 onakvu nekretninu koja je u skladu sa svim va\u0161im \u017eeljama i mogu\u0107nostima.<\/p>\n<p>Moje ime je Igor Bokuli\u0107 i profesionalni sam agent za nekretninama te direktor agencije VIP Nekretnine.<\/p>\n<p style=\"text-align: left;\">Kako je sve po\u010delo?<\/p>\n<p style=\"text-align: left;\">Prije 15 godina odlu\u010dio sam se preseliti i \u017eivjeti na moru. Odabrao sam Lovran zbog prirodnih ljepota Kvarnera, ugodne klime i lijepog vremena tijekom cijele godine. U prekrasnom Kvarnerskom zavi\u010daju, zapanjuju\u0107im pogledima na more i mediteranskom na\u010din \u017eivota prona\u0161ao sam svoj dom i sre\u0107u sa svojom obitelji.<\/p>\n<p style=\"text-align: left;\">Od tada svakodnevno u\u017eivam u svom poslu i \u017eivotu. Isto poku\u0161avam omogu\u0107iti i svojim klijentima kako bi prona\u0161li nekretninu koja \u0107e im u potpunosti odgovarati i kako bi oni mogli \u017eivjeti i u\u017eivati na najljep\u0161oj obali na svijetu.<\/p>\n<p style=\"text-align: left;\">Kombinacija jedinstvenih prirodnih ljepota i mediteranskog na\u010dina \u017eivota uistinu je savr\u0161en spoj.<\/p>\n<p>[\/vc_column_text][vc_empty_space][\/vc_column][\/vc_row][vc_row][vc_column]<div id=\"ultimate-heading-68969de025599312\" class=\"uvc-heading ult-adjust-bottom-margin ultimate-heading-68969de025599312 uvc-3825 \" data-hspacer=\"no_spacer\"  data-halign=\"center\" style=\"text-align:center\"><div class=\"uvc-heading-spacer no_spacer\" style=\"top\"><\/div><div class=\"uvc-main-heading ult-responsive\"  data-ultimate-target='.uvc-heading.ultimate-heading-68969de025599312 h1'  data-responsive-json-new='{\"font-size\":\"\",\"line-height\":\"\"}' ><h1 style=\"font-weight:bold;color:#7f7f7f;\">Na\u0161e usluge<\/h1><\/div><\/div>[\/vc_column][\/vc_row][vc_row][vc_column][vc_separator color=&#8221;sky&#8221; style=&#8221;shadow&#8221; border_width=&#8221;7&#8243; el_width=&#8221;50&#8243; css=&#8221;.vc_custom_1552233980362{margin-top: 0px !important;padding-top: 20px !important;}&#8221;][vc_column_text]svojim klijentima pru\u017eamo pomo\u0107 tijekom cijelog postupka kupnje nekretnine u Hrvatskoj. potpuna podr\u0161ka tijekom kupnje nekretnine uklju\u010dena je u agencijsku naknade kada kupujete nekretninu preko na\u0161e agencije.<\/p>\n<ul>\n<li>provjera cjelokupne imovinske dokumentacije<\/li>\n<li>provjera vlasni\u0161tva i pravnog statusa<\/li>\n<li>rje\u0161avanje svih papira koji nedostaju ili nerije\u0161enih dokumenata<\/li>\n<li>pregovaranje o cijeni<\/li>\n<li>analiza svih pravnih dokumenata potrebnih za prodaju i kupnju nekretnine<\/li>\n<li>sklapanje predugovora, kupoprodajnog ugovora i izjave o pla\u0107anju s odvjetnikom<\/li>\n<li>prijevodi potrebnih dokumenata pri kupnji i prodaji<\/li>\n<li>upis prava vlasni\u0161tva u zemlji\u0161nim knjigama<\/li>\n<\/ul>\n<p>Od velja\u010de 2009. godine gra\u0111ani Europske unije imaju ista prava otkupa imovine kao i hrvatski dr\u017eavljani te stoga mogu kupiti nekretnine u Hrvatskoj kao privatne osobe i bez potrebe za dobivanjem dozvole Ministarstva vanjskih poslova, kao \u0161to je prije bilo potrebno.[\/vc_column_text][\/vc_column][\/vc_row][vc_row bg_type=&#8221;image&#8221;][vc_column]<div id=\"ultimate-heading-431769de02559934e\" class=\"uvc-heading ult-adjust-bottom-margin ultimate-heading-431769de02559934e uvc-6298 \" data-hspacer=\"no_spacer\"  data-halign=\"center\" style=\"text-align:center\"><div class=\"uvc-heading-spacer no_spacer\" style=\"top\"><\/div><div class=\"uvc-main-heading ult-responsive\"  data-ultimate-target='.uvc-heading.ultimate-heading-431769de02559934e h1'  data-responsive-json-new='{\"font-size\":\"\",\"line-height\":\"\"}' ><h1 style=\"font-weight:bold;color:#1e73be;margin-top:0px;\">U\u017eivajte u ljepotama Kvarnera<\/h1><\/div><div class=\"uvc-sub-heading ult-responsive\"  data-ultimate-target='.uvc-heading.ultimate-heading-431769de02559934e .uvc-sub-heading '  data-responsive-json-new='{\"font-size\":\"desktop:17px;\",\"line-height\":\"desktop:25px;\"}'  style=\"font-weight:bold;margin-top:15px;margin-bottom:10px;\">Slobodno nas kontaktirajte za bilo kakav upit.<\/div><\/div>[vc_btn title=&#8221;KONTAKTIRAJTE NAS&#8221; color=&#8221;sky&#8221; align=&#8221;center&#8221; link=&#8221;url:https%3A%2F%2Fvipnekretnine.hr%2Fcontact%2F|title:Kontakt|&#8221;][\/vc_column][\/vc_row]<\/p>\n","protected":false},"excerpt":{"rendered":"<p>[vc_row][vc_column][vc_empty_space][vc_separator color=&#8221;sky&#8221; style=&#8221;shadow&#8221; border_width=&#8221;7&#8243; el_width=&#8221;50&#8243; css=&#8221;.vc_custom_1552233933251{padding-top: 25px !important;}&#8221;][\/vc_column][\/vc_row][vc_row][vc_column][vc_column_text css=&#8221;.vc_custom_1552573872252{padding-top: 10px !important;}&#8221;] Vip Nekretnine je profesionalna agencija za nekretnine specijalizirana za prodaju i posredovanje nekretnina na Kvarneru i Istri. Ovdje smo da vam pomognemo sa svojim znanjem, profesionalno\u0161\u0107u i dugogodi\u0161njim iskustvom na tr\u017ei\u0161tu nekretnina. Bilo da tra\u017eite staru kamenu ku\u0107u, apartman blizu mora, veliku ku\u0107u za iznajmljivanje ili zemlji\u0161te, na\u0161 cilj je da vam prona\u0111emo &#8230;<\/p>\n","protected":false},"author":2,"featured_media":0,"parent":0,"menu_order":0,"comment_status":"closed","ping_status":"closed","template":"","meta":{"footnotes":""},"class_list":["post-26332","page","type-page","status-publish","hentry"],"yoast_head":"<!-- This site is optimized with the Yoast SEO plugin v20.11 - https:\/\/yoast.com\/wordpress\/plugins\/seo\/ -->\n<title>O Nama - Vip Nekretnine | Agencija za Nekretnine | Kvarner &amp; Istra<\/title>\n<meta name=\"description\" content=\"Profesionalna agencija za nekretnine specijalizirana za prodaju i posredovanje u Kvarneru i Istri. Tu smo da vam pomognemo prona\u0107i va\u0161u novu nekretninu.\" \/>\n<meta name=\"robots\" content=\"index, follow, max-snippet:-1, max-image-preview:large, max-video-preview:-1\" \/>\n<link rel=\"canonical\" href=\"https:\/\/vipnekretnine.hr\/hr\/o-nama\/\" \/>\n<meta property=\"og:locale\" content=\"hr_HR\" \/>\n<meta property=\"og:type\" content=\"article\" \/>\n<meta property=\"og:title\" content=\"O Nama - Vip Nekretnine | Agencija za Nekretnine | Kvarner &amp; Istra\" \/>\n<meta property=\"og:description\" content=\"Profesionalna agencija za nekretnine specijalizirana za prodaju i posredovanje u Kvarneru i Istri. Tu smo da vam pomognemo prona\u0107i va\u0161u novu nekretninu.\" \/>\n<meta property=\"og:url\" content=\"https:\/\/vipnekretnine.hr\/hr\/o-nama\/\" \/>\n<meta property=\"og:site_name\" content=\"Vip Nekretnine\" \/>\n<meta property=\"article:modified_time\" content=\"2020-12-09T08:27:20+00:00\" \/>\n<meta name=\"twitter:card\" content=\"summary_large_image\" \/>\n<meta name=\"twitter:label1\" content=\"Procijenjeno vrijeme \u010ditanja\" \/>\n\t<meta name=\"twitter:data1\" content=\"3 minute\" \/>\n<script type=\"application\/ld+json\" class=\"yoast-schema-graph\">{\"@context\":\"https:\/\/schema.org\",\"@graph\":[{\"@type\":\"WebPage\",\"@id\":\"https:\/\/vipnekretnine.hr\/hr\/o-nama\/\",\"url\":\"https:\/\/vipnekretnine.hr\/hr\/o-nama\/\",\"name\":\"O Nama - Vip Nekretnine | Agencija za Nekretnine | Kvarner & Istra\",\"isPartOf\":{\"@id\":\"https:\/\/vipnekretnine.hr\/hr\/#website\"},\"datePublished\":\"2020-11-16T12:01:49+00:00\",\"dateModified\":\"2020-12-09T08:27:20+00:00\",\"description\":\"Profesionalna agencija za nekretnine specijalizirana za prodaju i posredovanje u Kvarneru i Istri. Tu smo da vam pomognemo prona\u0107i va\u0161u novu nekretninu.\",\"breadcrumb\":{\"@id\":\"https:\/\/vipnekretnine.hr\/hr\/o-nama\/#breadcrumb\"},\"inLanguage\":\"hr\",\"potentialAction\":[{\"@type\":\"ReadAction\",\"target\":[\"https:\/\/vipnekretnine.hr\/hr\/o-nama\/\"]}]},{\"@type\":\"BreadcrumbList\",\"@id\":\"https:\/\/vipnekretnine.hr\/hr\/o-nama\/#breadcrumb\",\"itemListElement\":[{\"@type\":\"ListItem\",\"position\":1,\"name\":\"Naslovna\",\"item\":\"https:\/\/vipnekretnine.hr\/hr\/\"},{\"@type\":\"ListItem\",\"position\":2,\"name\":\"O nama\"}]},{\"@type\":\"WebSite\",\"@id\":\"https:\/\/vipnekretnine.hr\/hr\/#website\",\"url\":\"https:\/\/vipnekretnine.hr\/hr\/\",\"name\":\"Vip Nekretnine\",\"description\":\"PRONA\u0110ITE SVOJ NOVI SAVR\u0160ENI DOM\",\"potentialAction\":[{\"@type\":\"SearchAction\",\"target\":{\"@type\":\"EntryPoint\",\"urlTemplate\":\"https:\/\/vipnekretnine.hr\/hr\/?s={search_term_string}\"},\"query-input\":\"required name=search_term_string\"}],\"inLanguage\":\"hr\"}]}<\/script>\n<!-- \/ Yoast SEO plugin. -->","yoast_head_json":{"title":"O Nama - Vip Nekretnine | Agencija za Nekretnine | Kvarner & Istra","description":"Profesionalna agencija za nekretnine specijalizirana za prodaju i posredovanje u Kvarneru i Istri. Tu smo da vam pomognemo prona\u0107i va\u0161u novu nekretninu.","robots":{"index":"index","follow":"follow","max-snippet":"max-snippet:-1","max-image-preview":"max-image-preview:large","max-video-preview":"max-video-preview:-1"},"canonical":"https:\/\/vipnekretnine.hr\/hr\/o-nama\/","og_locale":"hr_HR","og_type":"article","og_title":"O Nama - Vip Nekretnine | Agencija za Nekretnine | Kvarner & Istra","og_description":"Profesionalna agencija za nekretnine specijalizirana za prodaju i posredovanje u Kvarneru i Istri. Tu smo da vam pomognemo prona\u0107i va\u0161u novu nekretninu.","og_url":"https:\/\/vipnekretnine.hr\/hr\/o-nama\/","og_site_name":"Vip Nekretnine","article_modified_time":"2020-12-09T08:27:20+00:00","twitter_card":"summary_large_image","twitter_misc":{"Procijenjeno vrijeme \u010ditanja":"3 minute"},"schema":{"@context":"https:\/\/schema.org","@graph":[{"@type":"WebPage","@id":"https:\/\/vipnekretnine.hr\/hr\/o-nama\/","url":"https:\/\/vipnekretnine.hr\/hr\/o-nama\/","name":"O Nama - Vip Nekretnine | Agencija za Nekretnine | Kvarner & Istra","isPartOf":{"@id":"https:\/\/vipnekretnine.hr\/hr\/#website"},"datePublished":"2020-11-16T12:01:49+00:00","dateModified":"2020-12-09T08:27:20+00:00","description":"Profesionalna agencija za nekretnine specijalizirana za prodaju i posredovanje u Kvarneru i Istri. Tu smo da vam pomognemo prona\u0107i va\u0161u novu nekretninu.","breadcrumb":{"@id":"https:\/\/vipnekretnine.hr\/hr\/o-nama\/#breadcrumb"},"inLanguage":"hr","potentialAction":[{"@type":"ReadAction","target":["https:\/\/vipnekretnine.hr\/hr\/o-nama\/"]}]},{"@type":"BreadcrumbList","@id":"https:\/\/vipnekretnine.hr\/hr\/o-nama\/#breadcrumb","itemListElement":[{"@type":"ListItem","position":1,"name":"Naslovna","item":"https:\/\/vipnekretnine.hr\/hr\/"},{"@type":"ListItem","position":2,"name":"O nama"}]},{"@type":"WebSite","@id":"https:\/\/vipnekretnine.hr\/hr\/#website","url":"https:\/\/vipnekretnine.hr\/hr\/","name":"Vip Nekretnine","description":"PRONA\u0110ITE SVOJ NOVI SAVR\u0160ENI DOM","potentialAction":[{"@type":"SearchAction","target":{"@type":"EntryPoint","urlTemplate":"https:\/\/vipnekretnine.hr\/hr\/?s={search_term_string}"},"query-input":"required name=search_term_string"}],"inLanguage":"hr"}]}},"_links":{"self":[{"href":"https:\/\/vipnekretnine.hr\/hr\/wp-json\/wp\/v2\/pages\/26332","targetHints":{"allow":["GET"]}}],"collection":[{"href":"https:\/\/vipnekretnine.hr\/hr\/wp-json\/wp\/v2\/pages"}],"about":[{"href":"https:\/\/vipnekretnine.hr\/hr\/wp-json\/wp\/v2\/types\/page"}],"author":[{"embeddable":true,"href":"https:\/\/vipnekretnine.hr\/hr\/wp-json\/wp\/v2\/users\/2"}],"replies":[{"embeddable":true,"href":"https:\/\/vipnekretnine.hr\/hr\/wp-json\/wp\/v2\/comments?post=26332"}],"version-history":[{"count":8,"href":"https:\/\/vipnekretnine.hr\/hr\/wp-json\/wp\/v2\/pages\/26332\/revisions"}],"predecessor-version":[{"id":26902,"href":"https:\/\/vipnekretnine.hr\/hr\/wp-json\/wp\/v2\/pages\/26332\/revisions\/26902"}],"wp:attachment":[{"href":"https:\/\/vipnekretnine.hr\/hr\/wp-json\/wp\/v2\/media?parent=26332"}],"curies":[{"name":"wp","href":"https:\/\/api.w.org\/{rel}","templated":true}]}}