{"id":26339,"date":"2020-11-16T12:06:42","date_gmt":"2020-11-16T12:06:42","guid":{"rendered":"https:\/\/vipnekretnine.hr\/nekretnine\/"},"modified":"2020-11-16T12:06:45","modified_gmt":"2020-11-16T12:06:45","slug":"nekretnine","status":"publish","type":"page","link":"https:\/\/vipnekretnine.hr\/hr\/nekretnine\/","title":{"rendered":"Nekretnine"},"content":{"rendered":"","protected":false},"excerpt":{"rendered":"","protected":false},"author":2,"featured_media":0,"parent":0,"menu_order":0,"comment_status":"closed","ping_status":"closed","template":"property_list.php","meta":{"footnotes":""},"class_list":["post-26339","page","type-page","status-publish","hentry"],"yoast_head":"<!-- This site is optimized with the Yoast SEO plugin v20.11 - https:\/\/yoast.com\/wordpress\/plugins\/seo\/ -->\n<title>Nekretnine na Prodaju | Vip Nekretnine | Kvarner &amp; Istra<\/title>\n<meta name=\"description\" content=\"Pogledajte na\u0161u odli\u010dnu ponudu ku\u0107a, stanova, zemlji\u0161ta i investicijskih projekata za prodaju na moru. Nekretnine u svim rasponima cijena.\" \/>\n<meta name=\"robots\" content=\"index, follow, max-snippet:-1, max-image-preview:large, max-video-preview:-1\" \/>\n<link rel=\"canonical\" href=\"https:\/\/vipnekretnine.hr\/hr\/nekretnine\/\" \/>\n<meta property=\"og:locale\" content=\"hr_HR\" \/>\n<meta property=\"og:type\" content=\"article\" \/>\n<meta property=\"og:title\" content=\"Nekretnine na Prodaju | Vip Nekretnine | Kvarner &amp; Istra\" \/>\n<meta property=\"og:description\" content=\"Pogledajte na\u0161u odli\u010dnu ponudu ku\u0107a, stanova, zemlji\u0161ta i investicijskih projekata za prodaju na moru. Nekretnine u svim rasponima cijena.\" \/>\n<meta property=\"og:url\" content=\"https:\/\/vipnekretnine.hr\/hr\/nekretnine\/\" \/>\n<meta property=\"og:site_name\" content=\"Vip Nekretnine\" \/>\n<meta property=\"article:modified_time\" content=\"2020-11-16T12:06:45+00:00\" \/>\n<meta name=\"twitter:card\" content=\"summary_large_image\" \/>\n<script type=\"application\/ld+json\" class=\"yoast-schema-graph\">{\"@context\":\"https:\/\/schema.org\",\"@graph\":[{\"@type\":\"WebPage\",\"@id\":\"https:\/\/vipnekretnine.hr\/hr\/nekretnine\/\",\"url\":\"https:\/\/vipnekretnine.hr\/hr\/nekretnine\/\",\"name\":\"Nekretnine na Prodaju | Vip Nekretnine | Kvarner & Istra\",\"isPartOf\":{\"@id\":\"https:\/\/vipnekretnine.hr\/hr\/#website\"},\"datePublished\":\"2020-11-16T12:06:42+00:00\",\"dateModified\":\"2020-11-16T12:06:45+00:00\",\"description\":\"Pogledajte na\u0161u odli\u010dnu ponudu ku\u0107a, stanova, zemlji\u0161ta i investicijskih projekata za prodaju na moru. Nekretnine u svim rasponima cijena.\",\"breadcrumb\":{\"@id\":\"https:\/\/vipnekretnine.hr\/hr\/nekretnine\/#breadcrumb\"},\"inLanguage\":\"hr\",\"potentialAction\":[{\"@type\":\"ReadAction\",\"target\":[\"https:\/\/vipnekretnine.hr\/hr\/nekretnine\/\"]}]},{\"@type\":\"BreadcrumbList\",\"@id\":\"https:\/\/vipnekretnine.hr\/hr\/nekretnine\/#breadcrumb\",\"itemListElement\":[{\"@type\":\"ListItem\",\"position\":1,\"name\":\"Naslovna\",\"item\":\"https:\/\/vipnekretnine.hr\/hr\/\"},{\"@type\":\"ListItem\",\"position\":2,\"name\":\"Nekretnine\"}]},{\"@type\":\"WebSite\",\"@id\":\"https:\/\/vipnekretnine.hr\/hr\/#website\",\"url\":\"https:\/\/vipnekretnine.hr\/hr\/\",\"name\":\"Vip Nekretnine\",\"description\":\"PRONA\u0110ITE SVOJ NOVI SAVR\u0160ENI DOM\",\"potentialAction\":[{\"@type\":\"SearchAction\",\"target\":{\"@type\":\"EntryPoint\",\"urlTemplate\":\"https:\/\/vipnekretnine.hr\/hr\/?s={search_term_string}\"},\"query-input\":\"required name=search_term_string\"}],\"inLanguage\":\"hr\"}]}<\/script>\n<!-- \/ Yoast SEO plugin. -->","yoast_head_json":{"title":"Nekretnine na Prodaju | Vip Nekretnine | Kvarner & Istra","description":"Pogledajte na\u0161u odli\u010dnu ponudu ku\u0107a, stanova, zemlji\u0161ta i investicijskih projekata za prodaju na moru. Nekretnine u svim rasponima cijena.","robots":{"index":"index","follow":"follow","max-snippet":"max-snippet:-1","max-image-preview":"max-image-preview:large","max-video-preview":"max-video-preview:-1"},"canonical":"https:\/\/vipnekretnine.hr\/hr\/nekretnine\/","og_locale":"hr_HR","og_type":"article","og_title":"Nekretnine na Prodaju | Vip Nekretnine | Kvarner & Istra","og_description":"Pogledajte na\u0161u odli\u010dnu ponudu ku\u0107a, stanova, zemlji\u0161ta i investicijskih projekata za prodaju na moru. Nekretnine u svim rasponima cijena.","og_url":"https:\/\/vipnekretnine.hr\/hr\/nekretnine\/","og_site_name":"Vip Nekretnine","article_modified_time":"2020-11-16T12:06:45+00:00","twitter_card":"summary_large_image","schema":{"@context":"https:\/\/schema.org","@graph":[{"@type":"WebPage","@id":"https:\/\/vipnekretnine.hr\/hr\/nekretnine\/","url":"https:\/\/vipnekretnine.hr\/hr\/nekretnine\/","name":"Nekretnine na Prodaju | Vip Nekretnine | Kvarner & Istra","isPartOf":{"@id":"https:\/\/vipnekretnine.hr\/hr\/#website"},"datePublished":"2020-11-16T12:06:42+00:00","dateModified":"2020-11-16T12:06:45+00:00","description":"Pogledajte na\u0161u odli\u010dnu ponudu ku\u0107a, stanova, zemlji\u0161ta i investicijskih projekata za prodaju na moru. Nekretnine u svim rasponima cijena.","breadcrumb":{"@id":"https:\/\/vipnekretnine.hr\/hr\/nekretnine\/#breadcrumb"},"inLanguage":"hr","potentialAction":[{"@type":"ReadAction","target":["https:\/\/vipnekretnine.hr\/hr\/nekretnine\/"]}]},{"@type":"BreadcrumbList","@id":"https:\/\/vipnekretnine.hr\/hr\/nekretnine\/#breadcrumb","itemListElement":[{"@type":"ListItem","position":1,"name":"Naslovna","item":"https:\/\/vipnekretnine.hr\/hr\/"},{"@type":"ListItem","position":2,"name":"Nekretnine"}]},{"@type":"WebSite","@id":"https:\/\/vipnekretnine.hr\/hr\/#website","url":"https:\/\/vipnekretnine.hr\/hr\/","name":"Vip Nekretnine","description":"PRONA\u0110ITE SVOJ NOVI SAVR\u0160ENI DOM","potentialAction":[{"@type":"SearchAction","target":{"@type":"EntryPoint","urlTemplate":"https:\/\/vipnekretnine.hr\/hr\/?s={search_term_string}"},"query-input":"required name=search_term_string"}],"inLanguage":"hr"}]}},"_links":{"self":[{"href":"https:\/\/vipnekretnine.hr\/hr\/wp-json\/wp\/v2\/pages\/26339","targetHints":{"allow":["GET"]}}],"collection":[{"href":"https:\/\/vipnekretnine.hr\/hr\/wp-json\/wp\/v2\/pages"}],"about":[{"href":"https:\/\/vipnekretnine.hr\/hr\/wp-json\/wp\/v2\/types\/page"}],"author":[{"embeddable":true,"href":"https:\/\/vipnekretnine.hr\/hr\/wp-json\/wp\/v2\/users\/2"}],"replies":[{"embeddable":true,"href":"https:\/\/vipnekretnine.hr\/hr\/wp-json\/wp\/v2\/comments?post=26339"}],"version-history":[{"count":1,"href":"https:\/\/vipnekretnine.hr\/hr\/wp-json\/wp\/v2\/pages\/26339\/revisions"}],"predecessor-version":[{"id":26340,"href":"https:\/\/vipnekretnine.hr\/hr\/wp-json\/wp\/v2\/pages\/26339\/revisions\/26340"}],"wp:attachment":[{"href":"https:\/\/vipnekretnine.hr\/hr\/wp-json\/wp\/v2\/media?parent=26339"}],"curies":[{"name":"wp","href":"https:\/\/api.w.org\/{rel}","templated":true}]}}