{"id":26341,"date":"2020-11-16T13:59:06","date_gmt":"2020-11-16T13:59:06","guid":{"rendered":"https:\/\/vipnekretnine.hr\/pravila-privlatnosti\/"},"modified":"2020-11-16T13:59:06","modified_gmt":"2020-11-16T13:59:06","slug":"pravila-privlatnosti","status":"publish","type":"page","link":"https:\/\/vipnekretnine.hr\/hr\/pravila-privlatnosti\/","title":{"rendered":"Pravila Privlatnosti"},"content":{"rendered":"<p>IZJAVA O ZA\u0160TITI OSOBNIH PODATAKA<\/p>\n<p>Vip Nekretnine d.o.o. po\u0161tuje privatnost svojih korisnika i posjetitelja web stranice.<\/p>\n<p>Ovom izjavom o za\u0161titi privatnosti korisnika i posjetitelja na\u0161e web stranice, vipnekretnine.hr opisuje kako koristi i \u0161titi informacije koje prikuplja prilikom posjeta web stranice. Sve informacije koje nam dajete prilikom kori\u0161tenja na\u0161e web stranice, bit \u0107e upotrebljavane isklju\u010divo u skladu s ovom izjavom o za\u0161titi privatnosti. Vip Nekretnine d.o.o. mo\u017ee promijeniti ova pravila prilikom a\u017euriranja stranice, stoga Vas molimo da povremeno posjetite na\u0161u stranicu i provjerite sla\u017eete li se s eventualnim promjenama.<\/p>\n<p>PODACI KOJE PRIKUPLJAMO<\/p>\n<p>Prilikom posjeta na\u0161e web stranice ne prikupljamo Va\u0161e osobne podatke (kao \u0161to su ime, adresa, telefon i sli\u010dno). Va\u0161e osobne podatke prikupljamo samo ako dobrovoljno ispunite obrasce (kontakt obrazac, anketnu formu) na na\u0161oj stranici i time nam dajete privolu za prikupljanje i kori\u0161tenje Va\u0161ih osobnih podataka. Osobni podaci koje prikupljamo su:<\/p>\n<p>Va\u0161e ime i prezime<br \/>\nVa\u0161a email adresa<br \/>\nOstale informacije koje nam ostavite prilikom slanja kontakt obrasca ili ispunjavanja ankete, a mogu sadr\u017eavati broj telefona i adresu.<br \/>\nPrivolu za obradu osobnih podataka mogu dati osobe s navr\u0161enih 16 godina ili vi\u0161e, dok za osobe mla\u0111e od 16 privolu mo\u017ee dati roditelj ili skrbnik. Prikupljene podatke ne\u0107emo ni na koji na\u010din u\u010diniti dostupnima neovla\u0161tenim tre\u0107im stranama, osim ako zakonom nije druga\u010dije propisano.<\/p>\n<p>KAKO KORISTIMO PODATKE KOJE PRIKUPLJAMO<\/p>\n<p>Koristimo ih za potrebe tehni\u010dkog upravljanja Internet stranicom<br \/>\n\u2013\u2013 prikupljanje informacija u log datotekama poslu\u017eitelja, kao \u0161to je Va\u0161a IP adresa, vrsta preglednika i operativni sustav, ali pritom se ne identificira osoba. Koristimo ove informacije da bismo razumjeli kako se posjetitelji kre\u0107u kroz na\u0161u web stranicu i kako bismo pobolj\u0161ali Va\u0161e iskustvo dok koristite na\u0161u web stranicu. Google prikuplja informacije putem na\u0161e upotrebe Google Analyticsa koji je instaliran na na\u0161oj web stranici. Informacije poput IP adrese i podatke iz kola\u010di\u0107a koristimo kako bismo pobolj\u0161ali na\u0161u stranicu i usluge. Informacije se dijele s Googleom na anonimnoj osnovi. Kako biste saznali vi\u0161e o tome koje informacije Google prikuplja, posjetite stranicu Googleovih pravila o privatnosti.<\/p>\n<p>Koristimo ih za interno evidentiranje podataka<br \/>\nKoristimo ih za ra\u010dunovodstvene usluge<br \/>\nKoristimo ih kako bismo unaprijedili na\u0161e usluge<br \/>\nKoristimo ih kako bismo Vam na mail adresu, koju ste nam ostavili, povremeno slali obavijesti o na\u0161im projektima, posebnim ponudama ili informacijama za koje smatramo da bi Vam bile zanimljive<\/p>\n<p>SIGURNOST<\/p>\n<p>Sigurnost Va\u0161ih podataka nam je iznimno va\u017ena. Kako bismo sprije\u010dili neautorizirani pristup Va\u0161im podacima ili njihovo otkrivanje, osigurali smo odgovaraju\u0107e fizi\u010dke i elektroni\u010dke sustave za\u0161tite kojima \u0161titimo i \u010duvamo podatke koje prikupljamo preko Interneta. Pohranjujemo Va\u0161e podatke do isteka roka od 3 godine.<\/p>\n<p>KAKO KORISTIMO KOLA\u010cI\u0106E<\/p>\n<p>Na\u0161e Internet stranice koje posje\u0107ujete koriste kola\u010di\u0107e. Kola\u010di\u0107 je datoteka male veli\u010dine koja tra\u017ei dopu\u0161tenje da se pohrani na Va\u0161em tvrdom disku, \u0161to na\u0161oj Internet stranici daje mogu\u0107nost prepoznavanja Va\u0161eg ra\u010dunala kada sljede\u0107i put posjetite stranicu od Vip Nekretnine. Ukoliko pristanete, datoteka se instalira i kola\u010di\u0107 poma\u017ee analizirati promet Internetom i javlja nam kada posjetite stranicu.<\/p>\n<p>Mi koristimo kola\u010di\u0107e koji prate koli\u010dinu prometa kako bismo identificirali koje se stranice koriste. To nam poma\u017ee da analiziramo podatke o prometu na web stranicama i pobolj\u0161amo na\u0161e web stranice kako bismo ih prilagodili potrebama svojih korisnika. Te podatke koristimo isklju\u010divo radi statisti\u010dkih analiza.<\/p>\n<p>Kola\u010di\u0107i nam ni na koji na\u010din ne osiguravaju pristup va\u0161em ra\u010dunalu ili bilo kakvim podacima o vama, osim onih koje ste voljni s nama podijeliti. Ovisno o postavkama na Va\u0161em internetskom pretra\u017eiva\u010du, kola\u010di\u0107i se mogu automatski prihva\u0107ati. Ako niste suglasni s njihovom upotrebom, kola\u010di\u0107e mo\u017eete u bilo kojem trenutku lako izbrisati i trajno isklju\u010diti na va\u0161em ra\u010dunalu ili mobilnom ure\u0111aju pomo\u0107u postavki preglednika kojim se koristite<\/p>\n<p>POVEZNICE S DRUGIM WEB STRANICAMA<\/p>\n<p>Na\u0161e web stranice mogu sadr\u017eavati poveznice s drugim web stranicama. Ukoliko pomo\u0107u njih napustite na\u0161e stranice, mi vi\u0161e nemamo kontrolu nad tim drugim web stranicama i stoga ne mo\u017eemo biti odgovorni za za\u0161titu i privatnost podataka koje o sebi dajete posje\u0107uju\u0107i druge stranice, jer one ne podlije\u017eu ovoj izjavi o za\u0161titi privatnosti.<\/p>\n<p>KONTROLIRANJE OSOBNIH PODATAKA<\/p>\n<p>Korisnik odlu\u010duje o svojim osobnim podacima i mo\u017ee ograni\u010diti prikupljanje ili upotrebu istih. Korisnik ima pravo na pristup i uvid podacima, pravo na informiranost o obradi podataka, pravo na ispravak osobnih podataka, pravo na podno\u0161enje prigovora, pravo na povla\u010denje privole o kori\u0161tenju osobnih podataka te pravo na brisanje osobnih podataka. Ukoliko vi\u0161e ne \u017eelite da posjedujemo i koristimo Va\u0161e osobne podatke molimo Vas da nas kontaktirate. Vip Nekretnine ne\u0107e prodavati ili dijeliti va\u0161e osobne podatke s tre\u0107im stranama ako za to nemate dopu\u0161tenje ili ako zakon ne predvi\u0111a druga\u010dije. Va\u0161e osobne podatke mo\u017eemo koristiti za slanje obavijesti tre\u0107ih strana za koje smatramo da vas zanimaju samo ako nam ka\u017eete da ih \u017eelite.<\/p>\n<p>Ako imate pitanja, kontaktirajte nas na igor.bokulic@gmail.com<\/p>\n","protected":false},"excerpt":{"rendered":"<p>IZJAVA O ZA\u0160TITI OSOBNIH PODATAKA Vip Nekretnine d.o.o. po\u0161tuje privatnost svojih korisnika i posjetitelja web stranice. Ovom izjavom o za\u0161titi privatnosti korisnika i posjetitelja na\u0161e web stranice, vipnekretnine.hr opisuje kako koristi i \u0161titi informacije koje prikuplja prilikom posjeta web stranice. Sve informacije koje nam dajete prilikom kori\u0161tenja na\u0161e web stranice, bit \u0107e upotrebljavane isklju\u010divo u skladu s ovom izjavom o za\u0161titi privatnosti. Vip Nekretnine &#8230;<\/p>\n","protected":false},"author":2,"featured_media":0,"parent":0,"menu_order":0,"comment_status":"closed","ping_status":"closed","template":"","meta":{"footnotes":""},"class_list":["post-26341","page","type-page","status-publish","hentry"],"yoast_head":"<!-- This site is optimized with the Yoast SEO plugin v20.11 - https:\/\/yoast.com\/wordpress\/plugins\/seo\/ -->\n<title>Pravila Privlatnosti | Vip Nekretnine<\/title>\n<meta name=\"robots\" content=\"index, follow, max-snippet:-1, max-image-preview:large, max-video-preview:-1\" \/>\n<link rel=\"canonical\" href=\"https:\/\/vipnekretnine.hr\/hr\/pravila-privlatnosti\/\" \/>\n<meta property=\"og:locale\" content=\"hr_HR\" \/>\n<meta property=\"og:type\" content=\"article\" \/>\n<meta property=\"og:title\" content=\"Pravila Privlatnosti | Vip Nekretnine\" \/>\n<meta property=\"og:description\" content=\"IZJAVA O ZA\u0160TITI OSOBNIH PODATAKA Vip Nekretnine d.o.o. po\u0161tuje privatnost svojih korisnika i posjetitelja web stranice. Ovom izjavom o za\u0161titi privatnosti korisnika i posjetitelja na\u0161e web stranice, vipnekretnine.hr opisuje kako koristi i \u0161titi informacije koje prikuplja prilikom posjeta web stranice. Sve informacije koje nam dajete prilikom kori\u0161tenja na\u0161e web stranice, bit \u0107e upotrebljavane isklju\u010divo u skladu s ovom izjavom o za\u0161titi privatnosti. Vip Nekretnine ...\" \/>\n<meta property=\"og:url\" content=\"https:\/\/vipnekretnine.hr\/hr\/pravila-privlatnosti\/\" \/>\n<meta property=\"og:site_name\" content=\"Vip Nekretnine\" \/>\n<meta name=\"twitter:card\" content=\"summary_large_image\" \/>\n<meta name=\"twitter:label1\" content=\"Procijenjeno vrijeme \u010ditanja\" \/>\n\t<meta name=\"twitter:data1\" content=\"5 minuta\" \/>\n<script type=\"application\/ld+json\" class=\"yoast-schema-graph\">{\"@context\":\"https:\/\/schema.org\",\"@graph\":[{\"@type\":\"WebPage\",\"@id\":\"https:\/\/vipnekretnine.hr\/hr\/pravila-privlatnosti\/\",\"url\":\"https:\/\/vipnekretnine.hr\/hr\/pravila-privlatnosti\/\",\"name\":\"Pravila Privlatnosti | Vip Nekretnine\",\"isPartOf\":{\"@id\":\"https:\/\/vipnekretnine.hr\/hr\/#website\"},\"datePublished\":\"2020-11-16T13:59:06+00:00\",\"dateModified\":\"2020-11-16T13:59:06+00:00\",\"breadcrumb\":{\"@id\":\"https:\/\/vipnekretnine.hr\/hr\/pravila-privlatnosti\/#breadcrumb\"},\"inLanguage\":\"hr\",\"potentialAction\":[{\"@type\":\"ReadAction\",\"target\":[\"https:\/\/vipnekretnine.hr\/hr\/pravila-privlatnosti\/\"]}]},{\"@type\":\"BreadcrumbList\",\"@id\":\"https:\/\/vipnekretnine.hr\/hr\/pravila-privlatnosti\/#breadcrumb\",\"itemListElement\":[{\"@type\":\"ListItem\",\"position\":1,\"name\":\"Naslovna\",\"item\":\"https:\/\/vipnekretnine.hr\/hr\/\"},{\"@type\":\"ListItem\",\"position\":2,\"name\":\"Pravila Privlatnosti\"}]},{\"@type\":\"WebSite\",\"@id\":\"https:\/\/vipnekretnine.hr\/hr\/#website\",\"url\":\"https:\/\/vipnekretnine.hr\/hr\/\",\"name\":\"Vip Nekretnine\",\"description\":\"PRONA\u0110ITE SVOJ NOVI SAVR\u0160ENI DOM\",\"potentialAction\":[{\"@type\":\"SearchAction\",\"target\":{\"@type\":\"EntryPoint\",\"urlTemplate\":\"https:\/\/vipnekretnine.hr\/hr\/?s={search_term_string}\"},\"query-input\":\"required name=search_term_string\"}],\"inLanguage\":\"hr\"}]}<\/script>\n<!-- \/ Yoast SEO plugin. -->","yoast_head_json":{"title":"Pravila Privlatnosti | Vip Nekretnine","robots":{"index":"index","follow":"follow","max-snippet":"max-snippet:-1","max-image-preview":"max-image-preview:large","max-video-preview":"max-video-preview:-1"},"canonical":"https:\/\/vipnekretnine.hr\/hr\/pravila-privlatnosti\/","og_locale":"hr_HR","og_type":"article","og_title":"Pravila Privlatnosti | Vip Nekretnine","og_description":"IZJAVA O ZA\u0160TITI OSOBNIH PODATAKA Vip Nekretnine d.o.o. po\u0161tuje privatnost svojih korisnika i posjetitelja web stranice. Ovom izjavom o za\u0161titi privatnosti korisnika i posjetitelja na\u0161e web stranice, vipnekretnine.hr opisuje kako koristi i \u0161titi informacije koje prikuplja prilikom posjeta web stranice. Sve informacije koje nam dajete prilikom kori\u0161tenja na\u0161e web stranice, bit \u0107e upotrebljavane isklju\u010divo u skladu s ovom izjavom o za\u0161titi privatnosti. Vip Nekretnine ...","og_url":"https:\/\/vipnekretnine.hr\/hr\/pravila-privlatnosti\/","og_site_name":"Vip Nekretnine","twitter_card":"summary_large_image","twitter_misc":{"Procijenjeno vrijeme \u010ditanja":"5 minuta"},"schema":{"@context":"https:\/\/schema.org","@graph":[{"@type":"WebPage","@id":"https:\/\/vipnekretnine.hr\/hr\/pravila-privlatnosti\/","url":"https:\/\/vipnekretnine.hr\/hr\/pravila-privlatnosti\/","name":"Pravila Privlatnosti | Vip Nekretnine","isPartOf":{"@id":"https:\/\/vipnekretnine.hr\/hr\/#website"},"datePublished":"2020-11-16T13:59:06+00:00","dateModified":"2020-11-16T13:59:06+00:00","breadcrumb":{"@id":"https:\/\/vipnekretnine.hr\/hr\/pravila-privlatnosti\/#breadcrumb"},"inLanguage":"hr","potentialAction":[{"@type":"ReadAction","target":["https:\/\/vipnekretnine.hr\/hr\/pravila-privlatnosti\/"]}]},{"@type":"BreadcrumbList","@id":"https:\/\/vipnekretnine.hr\/hr\/pravila-privlatnosti\/#breadcrumb","itemListElement":[{"@type":"ListItem","position":1,"name":"Naslovna","item":"https:\/\/vipnekretnine.hr\/hr\/"},{"@type":"ListItem","position":2,"name":"Pravila Privlatnosti"}]},{"@type":"WebSite","@id":"https:\/\/vipnekretnine.hr\/hr\/#website","url":"https:\/\/vipnekretnine.hr\/hr\/","name":"Vip Nekretnine","description":"PRONA\u0110ITE SVOJ NOVI SAVR\u0160ENI DOM","potentialAction":[{"@type":"SearchAction","target":{"@type":"EntryPoint","urlTemplate":"https:\/\/vipnekretnine.hr\/hr\/?s={search_term_string}"},"query-input":"required name=search_term_string"}],"inLanguage":"hr"}]}},"_links":{"self":[{"href":"https:\/\/vipnekretnine.hr\/hr\/wp-json\/wp\/v2\/pages\/26341","targetHints":{"allow":["GET"]}}],"collection":[{"href":"https:\/\/vipnekretnine.hr\/hr\/wp-json\/wp\/v2\/pages"}],"about":[{"href":"https:\/\/vipnekretnine.hr\/hr\/wp-json\/wp\/v2\/types\/page"}],"author":[{"embeddable":true,"href":"https:\/\/vipnekretnine.hr\/hr\/wp-json\/wp\/v2\/users\/2"}],"replies":[{"embeddable":true,"href":"https:\/\/vipnekretnine.hr\/hr\/wp-json\/wp\/v2\/comments?post=26341"}],"version-history":[{"count":0,"href":"https:\/\/vipnekretnine.hr\/hr\/wp-json\/wp\/v2\/pages\/26341\/revisions"}],"wp:attachment":[{"href":"https:\/\/vipnekretnine.hr\/hr\/wp-json\/wp\/v2\/media?parent=26341"}],"curies":[{"name":"wp","href":"https:\/\/api.w.org\/{rel}","templated":true}]}}